{"id":5931,"date":"2022-04-08T10:40:11","date_gmt":"2022-04-08T10:40:11","guid":{"rendered":"https:\/\/well-grounded.org\/devenir-consultant-associe\/"},"modified":"2022-05-24T07:13:42","modified_gmt":"2022-05-24T07:13:42","slug":"devenir-consultant-associe","status":"publish","type":"page","link":"https:\/\/well-grounded.org\/fr\/devenir-consultant-associe\/","title":{"rendered":"Devenir consultant associ\u00e9"},"content":{"rendered":"<p><div class=\"fusion-fullwidth fullwidth-box fusion-builder-row-1 fusion-flex-container nonhundred-percent-fullwidth non-hundred-percent-height-scrolling\" style=\"--awb-background-position:left top;--awb-border-sizes-top:0px;--awb-border-sizes-bottom:0px;--awb-border-sizes-left:0px;--awb-border-sizes-right:0px;--awb-border-radius-top-left:0px;--awb-border-radius-top-right:0px;--awb-border-radius-bottom-right:0px;--awb-border-radius-bottom-left:0px;--awb-padding-top:50px;--awb-padding-bottom:20px;--awb-flex-wrap:wrap;\" ><div class=\"fusion-builder-row fusion-row fusion-flex-align-items-flex-start fusion-flex-content-wrap\" style=\"max-width:1331.2px;margin-left: calc(-4% \/ 2 );margin-right: calc(-4% \/ 2 );\"><div class=\"fusion-layout-column fusion_builder_column fusion-builder-column-0 fusion_builder_column_1_1 1_1 fusion-flex-column\" style=\"--awb-bg-size:cover;--awb-width-large:100%;--awb-margin-top-large:10px;--awb-spacing-right-large:1.92%;--awb-margin-bottom-large:30px;--awb-spacing-left-large:1.92%;--awb-width-medium:100%;--awb-order-medium:0;--awb-spacing-right-medium:1.92%;--awb-spacing-left-medium:1.92%;--awb-width-small:100%;--awb-order-small:0;--awb-spacing-right-small:1.92%;--awb-spacing-left-small:1.92%;\"><div class=\"fusion-column-wrapper fusion-column-has-shadow fusion-flex-justify-content-flex-start fusion-content-layout-column\"><div class=\"fusion-text fusion-text-1\" style=\"--awb-text-transform:none;\"><p style=\"font-size: 24px; line-height: 36px; text-align: left;\">Vous pouvez vous impliquer de diff\u00e9rentes mani\u00e8res, et nous appr\u00e9cions tout le soutien que vous pouvez offrir&nbsp;:<\/p>\n<\/div><\/div><\/div><\/div><\/div><div class=\"fusion-fullwidth fullwidth-box fusion-builder-row-2 fusion-flex-container nonhundred-percent-fullwidth non-hundred-percent-height-scrolling white\" style=\"--link_hover_color: #002635;--link_color: #8bc34a;--awb-border-radius-top-left:0px;--awb-border-radius-top-right:0px;--awb-border-radius-bottom-right:0px;--awb-border-radius-bottom-left:0px;--awb-padding-top:20px;--awb-padding-right:20px;--awb-padding-bottom:20px;--awb-padding-left:20px;--awb-background-color:#003f59;--awb-flex-wrap:wrap;\" ><div class=\"fusion-builder-row fusion-row fusion-flex-align-items-flex-start fusion-flex-content-wrap\" style=\"max-width:1331.2px;margin-left: calc(-4% \/ 2 );margin-right: calc(-4% \/ 2 );\"><div class=\"fusion-layout-column fusion_builder_column fusion-builder-column-1 fusion_builder_column_1_2 1_2 fusion-flex-column\" style=\"--awb-bg-size:cover;--awb-width-large:50%;--awb-margin-top-large:10px;--awb-spacing-right-large:3.84%;--awb-margin-bottom-large:10px;--awb-spacing-left-large:3.84%;--awb-width-medium:100%;--awb-order-medium:0;--awb-spacing-right-medium:1.92%;--awb-spacing-left-medium:1.92%;--awb-width-small:100%;--awb-order-small:0;--awb-spacing-right-small:1.92%;--awb-spacing-left-small:1.92%;\"><div class=\"fusion-column-wrapper fusion-column-has-shadow fusion-flex-justify-content-flex-start fusion-content-layout-column\"><div class=\"fusion-text fusion-text-2\" style=\"--awb-text-transform:none;--awb-text-color:#c7d300;\"><h3><span style=\"color: #c7d300;\"><strong>\u00catre un coach ou un mentor pour un praticien en d\u00e9veloppement organisationnel<\/strong><\/span><\/h3>\n<\/div><div class=\"fusion-text fusion-text-3\" style=\"--awb-text-transform:none;--awb-margin-top:30px;\"><hr>\n<h6><span style=\"color: #003300; font-size: 14pt;\"><strong>\u00catre un coach b\u00e9n\u00e9vole au sein du programme Facilitator for Change<\/strong><\/span><\/h6>\n<p><span style=\"color: #003f59;\"><span style=\"color: #003300;\">Well Grounded organise une formation d&rsquo;un an de jeunes consultants africains pour commencer \u00e0 travailler dans le DO avec des organisations de la soci\u00e9t\u00e9 civile dans leur pays. Une partie de ce programme consiste \u00e0 \u00eatre encadr\u00e9 par des entra\u00eeneurs exp\u00e9riment\u00e9s pour discuter de probl\u00e8mes sp\u00e9cifiques qui surviennent au cours de leur formation et de la pratique OD connexe. Nous travaillons avec des coachs du monde entier et c&rsquo;est un excellent exemple d&rsquo;\u00e9change entre le Nord et le Sud.<\/span><\/span><\/p>\n<p><span style=\"color: #003f59;\"><span style=\"color: #003300;\">Vous trouverez plus d&rsquo;informations sur ce programme sur la page Web Facilitator for Change. Nous appr\u00e9cions votre participation.<\/span><\/span><\/p>\n<\/div><div ><a class=\"fusion-button button-flat button-medium button-default fusion-button-default button-1 fusion-button-span-no fusion-button-default-type\" style=\"--button-border-radius-top-left:0;--button-border-radius-top-right:0;--button-border-radius-bottom-right:0;--button-border-radius-bottom-left:0;\" target=\"_self\" href=\"https:\/\/well-grounded.org\/fr\/programme-facilitateurs-du-changement\/\"><span class=\"fusion-button-text awb-button__text awb-button__text--default\">En savoir plus<\/span><\/a><\/div><div class=\"fusion-text fusion-text-4\" style=\"--awb-text-transform:none;--awb-margin-top:30px;\"><hr>\n<h6><span style=\"color: #003300; font-size: 14pt;\"><strong>\u00catre un coach pro bono pour les jeunes ODP africains qui travaillent directement avec les organisations de la soci\u00e9t\u00e9 civile dans le bassin du Congo et qui ont besoin de soutien pour d\u00e9velopper leurs strat\u00e9gies d&rsquo;intervention. <\/strong><\/span><\/h6>\n<p><span style=\"color: #003f59;\"><span style=\"color: #003300;\">Vous \u00eates un coach exp\u00e9riment\u00e9 avec une exp\u00e9rience en d\u00e9veloppement organisationnel.<br \/>\nVous pouvez soutenir Well Grounded en offrant un mentorat ou un coaching individuel pro bono aux praticiens africains, vous pouvez proposer un webinaire li\u00e9 au d\u00e9veloppement organisationnel, au leadership, \u00e0 la gestion du changement Vous contribuerez \u00e0 une initiative africaine sur la cr\u00e9ation du changement.<\/span><\/span><\/p>\n<\/div><div class=\"fusion-text fusion-text-5\" style=\"--awb-text-transform:none;--awb-margin-top:30px;\"><hr>\n<h6><span style=\"color: #003300; font-size: 14pt;\"><strong>\u00catre coach (pro bono) pour les dirigeants des OSC que nous accompagnons<\/strong><\/span><\/h6>\n<p><span style=\"color: #003f59;\"><span style=\"color: #003300;\">Avec de nombreuses organisations avec lesquelles nous travaillons, nous incluons une trajectoire de coaching pour les dirigeants des organisations. Sans leaders forts, avec une vision et une mission, le changement ne se produira pas. Well Grounded est toujours \u00e0 la recherche de coachs en leadership exp\u00e9riment\u00e9s, matures et francophones d\u00e9sireux et capables d&rsquo;assumer ce r\u00f4le.<\/span><\/span><\/p>\n<\/div><\/div><\/div><div class=\"fusion-layout-column fusion_builder_column fusion-builder-column-2 fusion_builder_column_1_2 1_2 fusion-flex-column\" style=\"--awb-bg-size:cover;--awb-width-large:50%;--awb-margin-top-large:10px;--awb-spacing-right-large:3.84%;--awb-margin-bottom-large:10px;--awb-spacing-left-large:3.84%;--awb-width-medium:100%;--awb-spacing-right-medium:1.92%;--awb-spacing-left-medium:1.92%;--awb-width-small:100%;--awb-spacing-right-small:1.92%;--awb-spacing-left-small:1.92%;\"><div class=\"fusion-column-wrapper fusion-flex-justify-content-flex-start fusion-content-layout-column\"><div class=\"fusion-text fusion-text-6\" style=\"--awb-text-transform:none;--awb-text-color:#c7d300;\"><h3><span style=\"color: #c7d300;\"><strong>Partagez vos exp\u00e9riences pour am\u00e9liorer notre pratique<\/strong><\/span><\/h3>\n<\/div><div class=\"fusion-text fusion-text-7\" style=\"--awb-text-transform:none;--awb-margin-top:30px;\"><p>Vous avez une exp\u00e9rience (pratique) \u00e0 long terme dans le DO, le coaching, le d\u00e9veloppement du leadership ou la gestion du changement et vous aimeriez partager vos connaissances et vos exp\u00e9riences avec nous&nbsp;? Veuillez nous contacter pour discuter de la mani\u00e8re dont vous pouvez vous impliquer.<\/p>\n<\/div><div class=\"fusion-separator fusion-full-width-sep\" style=\"align-self: center;margin-left: auto;margin-right: auto;margin-top:20px;width:100%;\"><\/div><div class=\"fusion-text fusion-text-8\" style=\"--awb-text-transform:none;--awb-text-color:#c7d300;\"><h3><span style=\"color: #c7d300;\"><strong>Soyez un traducteur de ressources importantes<\/strong><\/span><\/h3>\n<\/div><div class=\"fusion-text fusion-text-9\" style=\"--awb-text-transform:none;--awb-margin-top:30px;\"><p>De nombreuses ressources importantes pour un praticien du DO sont \u00e9crites principalement en anglais et ne sont donc pas facilement accessibles pour l&rsquo;ODP dans le bassin du Congo o\u00f9 le fran\u00e7ais est la langue principale. Si vous \u00eates en mesure de traduire ces ressources de l&rsquo;anglais vers le fran\u00e7ais, ce serait un excellent moyen d&rsquo;aider les ODP \u00e0 avoir acc\u00e8s \u00e0 des documents import\u00e9s afin de soutenir et d&rsquo;am\u00e9liorer leur pratique.<\/p>\n<\/div><\/div><\/div><\/div><\/div><div class=\"fusion-fullwidth fullwidth-box fusion-builder-row-3 fusion-flex-container fusion-parallax-none nonhundred-percent-fullwidth non-hundred-percent-height-scrolling\" style=\"--awb-border-radius-top-left:0px;--awb-border-radius-top-right:0px;--awb-border-radius-bottom-right:0px;--awb-border-radius-bottom-left:0px;--awb-margin-top:0px;--awb-margin-bottom:0px;--awb-background-image:url(&quot;https:\/\/well-grounded.org\/wp-content\/uploads\/2022\/01\/Well-Grounded-Collaborators-2.jpg&quot;);--awb-background-size:cover;--awb-flex-wrap:wrap;\" ><div class=\"fusion-builder-row fusion-row fusion-flex-align-items-flex-start fusion-flex-content-wrap\" style=\"max-width:1331.2px;margin-left: calc(-4% \/ 2 );margin-right: calc(-4% \/ 2 );\"><div class=\"fusion-layout-column fusion_builder_column fusion-builder-column-3 fusion_builder_column_1_1 1_1 fusion-flex-column\" style=\"--awb-bg-size:cover;--awb-width-large:100%;--awb-margin-top-large:10px;--awb-spacing-right-large:1.92%;--awb-margin-bottom-large:10px;--awb-spacing-left-large:1.92%;--awb-width-medium:100%;--awb-order-medium:0;--awb-spacing-right-medium:1.92%;--awb-spacing-left-medium:1.92%;--awb-width-small:100%;--awb-order-small:0;--awb-spacing-right-small:1.92%;--awb-spacing-left-small:1.92%;\"><div class=\"fusion-column-wrapper fusion-column-has-shadow fusion-flex-justify-content-flex-start fusion-content-layout-column\"><\/div><\/div><\/div><\/div><\/p>\n","protected":false},"excerpt":{"rendered":"","protected":false},"author":1,"featured_media":0,"parent":0,"menu_order":0,"comment_status":"closed","ping_status":"closed","template":"100-width.php","meta":{"footnotes":""},"class_list":["post-5931","page","type-page","status-publish","hentry"],"yoast_head":"<!-- This site is optimized with the Yoast SEO plugin v27.4 - https:\/\/yoast.com\/product\/yoast-seo-wordpress\/ -->\n<title>Devenir consultant associ\u00e9 - Well Grounded<\/title>\n<meta name=\"robots\" content=\"index, follow, max-snippet:-1, max-image-preview:large, max-video-preview:-1\" \/>\n<link rel=\"canonical\" href=\"https:\/\/well-grounded.org\/fr\/devenir-consultant-associe\/\" \/>\n<meta property=\"og:locale\" content=\"fr_FR\" \/>\n<meta property=\"og:type\" content=\"article\" \/>\n<meta property=\"og:title\" content=\"Devenir consultant associ\u00e9 - Well Grounded\" \/>\n<meta property=\"og:url\" content=\"https:\/\/well-grounded.org\/fr\/devenir-consultant-associe\/\" \/>\n<meta property=\"og:site_name\" content=\"Well Grounded\" \/>\n<meta property=\"article:modified_time\" content=\"2022-05-24T07:13:42+00:00\" \/>\n<meta name=\"twitter:card\" content=\"summary_large_image\" \/>\n<meta name=\"twitter:label1\" content=\"Dur\u00e9e de lecture estim\u00e9e\" \/>\n\t<meta name=\"twitter:data1\" content=\"16 minutes\" \/>\n<!-- \/ Yoast SEO plugin. -->","yoast_head_json":{"title":"Devenir consultant associ\u00e9 - Well Grounded","robots":{"index":"index","follow":"follow","max-snippet":"max-snippet:-1","max-image-preview":"max-image-preview:large","max-video-preview":"max-video-preview:-1"},"canonical":"https:\/\/well-grounded.org\/fr\/devenir-consultant-associe\/","og_locale":"fr_FR","og_type":"article","og_title":"Devenir consultant associ\u00e9 - Well Grounded","og_url":"https:\/\/well-grounded.org\/fr\/devenir-consultant-associe\/","og_site_name":"Well Grounded","article_modified_time":"2022-05-24T07:13:42+00:00","twitter_card":"summary_large_image","twitter_misc":{"Dur\u00e9e de lecture estim\u00e9e":"16 minutes"},"schema":{"@context":"https:\/\/schema.org","@graph":[{"@type":"WebPage","@id":"https:\/\/well-grounded.org\/fr\/devenir-consultant-associe\/","url":"https:\/\/well-grounded.org\/fr\/devenir-consultant-associe\/","name":"Devenir consultant associ\u00e9 - Well Grounded","isPartOf":{"@id":"https:\/\/well-grounded.org\/fr\/#website"},"datePublished":"2022-04-08T10:40:11+00:00","dateModified":"2022-05-24T07:13:42+00:00","breadcrumb":{"@id":"https:\/\/well-grounded.org\/fr\/devenir-consultant-associe\/#breadcrumb"},"inLanguage":"fr-FR","potentialAction":[{"@type":"ReadAction","target":["https:\/\/well-grounded.org\/fr\/devenir-consultant-associe\/"]}]},{"@type":"BreadcrumbList","@id":"https:\/\/well-grounded.org\/fr\/devenir-consultant-associe\/#breadcrumb","itemListElement":[{"@type":"ListItem","position":1,"name":"Home","item":"https:\/\/well-grounded.org\/fr\/"},{"@type":"ListItem","position":2,"name":"Devenir consultant associ\u00e9"}]},{"@type":"WebSite","@id":"https:\/\/well-grounded.org\/fr\/#website","url":"https:\/\/well-grounded.org\/fr\/","name":"Well Grounded","description":"Empowering Civil Society","publisher":{"@id":"https:\/\/well-grounded.org\/fr\/#organization"},"potentialAction":[{"@type":"SearchAction","target":{"@type":"EntryPoint","urlTemplate":"https:\/\/well-grounded.org\/fr\/?s={search_term_string}"},"query-input":{"@type":"PropertyValueSpecification","valueRequired":true,"valueName":"search_term_string"}}],"inLanguage":"fr-FR"},{"@type":"Organization","@id":"https:\/\/well-grounded.org\/fr\/#organization","name":"Well Grounded","url":"https:\/\/well-grounded.org\/fr\/","logo":{"@type":"ImageObject","inLanguage":"fr-FR","@id":"https:\/\/well-grounded.org\/fr\/#\/schema\/logo\/image\/","url":"https:\/\/well-grounded.org\/wp-content\/uploads\/2022\/07\/Well-Grounded-Logo-with-tagline-no-Map.jpg","contentUrl":"https:\/\/well-grounded.org\/wp-content\/uploads\/2022\/07\/Well-Grounded-Logo-with-tagline-no-Map.jpg","width":1195,"height":809,"caption":"Well Grounded"},"image":{"@id":"https:\/\/well-grounded.org\/fr\/#\/schema\/logo\/image\/"}}]}},"jetpack_sharing_enabled":true,"_links":{"self":[{"href":"https:\/\/well-grounded.org\/fr\/wp-json\/wp\/v2\/pages\/5931","targetHints":{"allow":["GET"]}}],"collection":[{"href":"https:\/\/well-grounded.org\/fr\/wp-json\/wp\/v2\/pages"}],"about":[{"href":"https:\/\/well-grounded.org\/fr\/wp-json\/wp\/v2\/types\/page"}],"author":[{"embeddable":true,"href":"https:\/\/well-grounded.org\/fr\/wp-json\/wp\/v2\/users\/1"}],"replies":[{"embeddable":true,"href":"https:\/\/well-grounded.org\/fr\/wp-json\/wp\/v2\/comments?post=5931"}],"version-history":[{"count":0,"href":"https:\/\/well-grounded.org\/fr\/wp-json\/wp\/v2\/pages\/5931\/revisions"}],"wp:attachment":[{"href":"https:\/\/well-grounded.org\/fr\/wp-json\/wp\/v2\/media?parent=5931"}],"curies":[{"name":"wp","href":"https:\/\/api.w.org\/{rel}","templated":true}]}}