{"id":5538,"date":"2022-04-05T15:20:18","date_gmt":"2022-04-05T15:20:18","guid":{"rendered":"https:\/\/well-grounded.org\/developpement-organisationnel\/"},"modified":"2022-08-17T11:33:14","modified_gmt":"2022-08-17T11:33:14","slug":"organisation-developpement","status":"publish","type":"page","link":"https:\/\/well-grounded.org\/fr\/organisation-developpement\/","title":{"rendered":"D\u00e9veloppement organisationnel"},"content":{"rendered":"<p><div class=\"fusion-fullwidth fullwidth-box fusion-builder-row-1 fusion-flex-container nonhundred-percent-fullwidth non-hundred-percent-height-scrolling\" style=\"--awb-background-position:left top;--awb-border-sizes-top:0px;--awb-border-sizes-bottom:0px;--awb-border-sizes-left:0px;--awb-border-sizes-right:0px;--awb-border-radius-top-left:0px;--awb-border-radius-top-right:0px;--awb-border-radius-bottom-right:0px;--awb-border-radius-bottom-left:0px;--awb-padding-top:50px;--awb-padding-bottom:20px;--awb-flex-wrap:wrap;\" ><div class=\"fusion-builder-row fusion-row fusion-flex-align-items-flex-start fusion-flex-content-wrap\" style=\"max-width:1331.2px;margin-left: calc(-4% \/ 2 );margin-right: calc(-4% \/ 2 );\"><div class=\"fusion-layout-column fusion_builder_column fusion-builder-column-0 fusion_builder_column_1_1 1_1 fusion-flex-column\" style=\"--awb-bg-size:cover;--awb-width-large:100%;--awb-margin-top-large:10px;--awb-spacing-right-large:1.92%;--awb-margin-bottom-large:30px;--awb-spacing-left-large:1.92%;--awb-width-medium:100%;--awb-order-medium:0;--awb-spacing-right-medium:1.92%;--awb-spacing-left-medium:1.92%;--awb-width-small:100%;--awb-order-small:0;--awb-spacing-right-small:1.92%;--awb-spacing-left-small:1.92%;\"><div class=\"fusion-column-wrapper fusion-column-has-shadow fusion-flex-justify-content-flex-start fusion-content-layout-column\"><div class=\"fusion-text fusion-text-1\" style=\"--awb-text-transform:none;\"><p style=\"font-size: 24px; line-height: 36px; text-align: left;\">Well Grounded cherche \u00e0 aider les OSC et les r\u00e9seaux d\u2019OSC \u00e0 devenir autonomes, strat\u00e9giques et guid\u00e9s par leurs valeurs. Nous voulons que les OSC aient une compr\u00e9hension claire de ce \u00e0 quoi l&rsquo;organisation aspire et que les r\u00e9seaux d&rsquo;OSC fournissent un environnement qui permette aux membres de faire avancer un programme commun.<\/p>\n<p style=\"font-size: 24px; line-height: 36px; text-align: left;\">Well Grounded attend un engagement fort et conscient des OSC pour s&rsquo;engager dans un processus de d\u00e9veloppement d&rsquo;organisation sur 2-3 ans. Les OSC int\u00e9ress\u00e9es doivent \u00eatre conscientes du changement positif qu&rsquo;elles cherchent \u00e0 effectuer. Le r\u00e9sultat de ce soutien sera un changement profond au sein de l&rsquo;organisation et un plus grand sentiment d&rsquo;appropriation en se concentrant sur les domaines d\u00e9crits ci-dessous.<\/p>\n<p style=\"font-size: 24px; line-height: 36px; text-align: left;\">Si vous \u00eates une OSC et souhaitez recevoir le soutien de Well Grounded, <a href=\"mailto:info@well-grounded.org\">veuillez nous contacter.<\/a><\/p>\n<\/div><\/div><\/div><\/div><\/div><div class=\"fusion-fullwidth fullwidth-box fusion-builder-row-2 fusion-flex-container nonhundred-percent-fullwidth non-hundred-percent-height-scrolling white\" style=\"--link_hover_color: #002635;--link_color: #8bc34a;--awb-border-radius-top-left:0px;--awb-border-radius-top-right:0px;--awb-border-radius-bottom-right:0px;--awb-border-radius-bottom-left:0px;--awb-padding-top:20px;--awb-padding-right:20px;--awb-padding-bottom:20px;--awb-padding-left:20px;--awb-background-color:#003f59;--awb-flex-wrap:wrap;\" ><div class=\"fusion-builder-row fusion-row fusion-flex-align-items-flex-start fusion-flex-content-wrap\" style=\"max-width:1331.2px;margin-left: calc(-4% \/ 2 );margin-right: calc(-4% \/ 2 );\"><div class=\"fusion-layout-column fusion_builder_column fusion-builder-column-1 fusion_builder_column_1_2 1_2 fusion-flex-column\" style=\"--awb-bg-size:cover;--awb-width-large:50%;--awb-margin-top-large:10px;--awb-spacing-right-large:3.84%;--awb-margin-bottom-large:10px;--awb-spacing-left-large:3.84%;--awb-width-medium:100%;--awb-order-medium:0;--awb-spacing-right-medium:1.92%;--awb-spacing-left-medium:1.92%;--awb-width-small:100%;--awb-order-small:0;--awb-spacing-right-small:1.92%;--awb-spacing-left-small:1.92%;\"><div class=\"fusion-column-wrapper fusion-column-has-shadow fusion-flex-justify-content-flex-start fusion-content-layout-column\"><div class=\"fusion-image-element \" style=\"--awb-caption-title-font-family:var(--h2_typography-font-family);--awb-caption-title-font-weight:var(--h2_typography-font-weight);--awb-caption-title-font-style:var(--h2_typography-font-style);--awb-caption-title-size:var(--h2_typography-font-size);--awb-caption-title-transform:var(--h2_typography-text-transform);--awb-caption-title-line-height:var(--h2_typography-line-height);--awb-caption-title-letter-spacing:var(--h2_typography-letter-spacing);\"><span class=\" fusion-imageframe imageframe-none imageframe-1 hover-type-none\"><img data-recalc-dims=\"1\" decoding=\"async\" width=\"800\" height=\"530\" title=\"Beautiful,Hidden,Ekom,Waterfall,Deep,In,The,Tropical,Rain,Forest\" src=\"https:\/\/i0.wp.com\/well-grounded.org\/wp-content\/uploads\/2022\/03\/Well-Grounded-Organisation-Development.jpg?resize=800%2C530&#038;ssl=1\" alt class=\"img-responsive wp-image-4179\" srcset=\"https:\/\/i0.wp.com\/well-grounded.org\/wp-content\/uploads\/2022\/03\/Well-Grounded-Organisation-Development.jpg?resize=200%2C133&amp;ssl=1 200w, https:\/\/i0.wp.com\/well-grounded.org\/wp-content\/uploads\/2022\/03\/Well-Grounded-Organisation-Development.jpg?resize=300%2C199&amp;ssl=1 300w, https:\/\/i0.wp.com\/well-grounded.org\/wp-content\/uploads\/2022\/03\/Well-Grounded-Organisation-Development.jpg?resize=400%2C265&amp;ssl=1 400w, https:\/\/i0.wp.com\/well-grounded.org\/wp-content\/uploads\/2022\/03\/Well-Grounded-Organisation-Development.jpg?resize=600%2C398&amp;ssl=1 600w, https:\/\/i0.wp.com\/well-grounded.org\/wp-content\/uploads\/2022\/03\/Well-Grounded-Organisation-Development.jpg?resize=768%2C509&amp;ssl=1 768w, https:\/\/i0.wp.com\/well-grounded.org\/wp-content\/uploads\/2022\/03\/Well-Grounded-Organisation-Development.jpg?w=800&amp;ssl=1 800w\" sizes=\"(max-width: 1024px) 100vw, (max-width: 640px) 100vw, 800px\" \/><\/span><\/div><div class=\"fusion-text fusion-text-2\" style=\"--awb-text-transform:none;--awb-margin-top:30px;\"><h6><span style=\"color: #003300;\"><strong>Identit\u00e9 &amp; strat\u00e9gie<\/strong><\/span><\/h6>\n<p><span style=\"color: #003f59;\"><span style=\"color: #003300;\">Nous facilitons les processus qui aident les OSC \u00e0 d\u00e9finir leur identit\u00e9 (c&rsquo;est-\u00e0-dire vision, mission, valeurs, groupes cibles, principes directeurs d&rsquo;adh\u00e9sion, etc.) et \u00e0 d\u00e9velopper une orientation strat\u00e9gique qui guidera leur travail. Nous aidons les OSC \u00e0 d\u00e9velopper la confiance n\u00e9cessaire pour mobiliser et utiliser efficacement les ressources, en plus de guider et de n\u00e9gocier leurs partenariats avec les acteurs mondiaux du d\u00e9veloppement.<\/span><br \/>\n<\/span><\/p>\n<\/div><div class=\"fusion-text fusion-text-3\" style=\"--awb-text-transform:none;--awb-margin-top:30px;\"><h6><strong>Mod\u00e8le d&rsquo;affaires<\/strong><\/h6>\n<p>Nous aidons les OSC \u00e0 r\u00e9fl\u00e9chir et \u00e0 d\u00e9finir le mod\u00e8le commercial le plus appropri\u00e9 pour soutenir leur travail, permettant \u00e0 l\u2019organisation d\u2019\u00eatre moins d\u00e9pendante d\u2019un type ou d\u2019une source de financement. Cela entra\u00eene \u00e9galement une plus grande flexibilit\u00e9 et durabilit\u00e9. Nous connectons les organisations \u00e0 d\u2019autres OSC qui ont innov\u00e9 dans la fa\u00e7on dont elles financent leurs organisations. Nous encourageons les OSC \u00e0 \u00eatre plus cr\u00e9atives, en les aidant \u00e0 explorer les possibilit\u00e9s et les potentiels.<\/p>\n<\/div><div class=\"fusion-text fusion-text-4\" style=\"--awb-text-transform:none;--awb-margin-top:30px;\"><h6><strong>Gouvernance<\/strong><\/h6>\n<p>Nous aidons les organisations \u00e0 remettre en question objectivement leur structure et leur mod\u00e8le de gouvernance, en analysant si le mod\u00e8le de prise de d\u00e9cision et le partage des r\u00f4les et des responsabilit\u00e9s servent l&rsquo;objectif et l&rsquo;efficacit\u00e9 de l&rsquo;organisation. Nous les aidons \u00e0 r\u00e9fl\u00e9chir sur le pouvoir, \u00e0 comprendre le pouvoir que chacun d&rsquo;eux d\u00e9tient et comment cela affecte leur d\u00e9veloppement personnel en leadership et leurs capacit\u00e9s \u00e0 mettre en \u0153uvre les r\u00f4les et responsabilit\u00e9s qui leur sont assign\u00e9s.<\/p>\n<\/div><\/div><\/div><div class=\"fusion-layout-column fusion_builder_column fusion-builder-column-2 fusion_builder_column_1_2 1_2 fusion-flex-column\" style=\"--awb-bg-size:cover;--awb-width-large:50%;--awb-margin-top-large:10px;--awb-spacing-right-large:3.84%;--awb-margin-bottom-large:10px;--awb-spacing-left-large:3.84%;--awb-width-medium:100%;--awb-spacing-right-medium:1.92%;--awb-spacing-left-medium:1.92%;--awb-width-small:100%;--awb-spacing-right-small:1.92%;--awb-spacing-left-small:1.92%;\"><div class=\"fusion-column-wrapper fusion-flex-justify-content-flex-start fusion-content-layout-column\"><div class=\"fusion-image-element \" style=\"--awb-caption-title-font-family:var(--h2_typography-font-family);--awb-caption-title-font-weight:var(--h2_typography-font-weight);--awb-caption-title-font-style:var(--h2_typography-font-style);--awb-caption-title-size:var(--h2_typography-font-size);--awb-caption-title-transform:var(--h2_typography-text-transform);--awb-caption-title-line-height:var(--h2_typography-line-height);--awb-caption-title-letter-spacing:var(--h2_typography-letter-spacing);\"><span class=\" fusion-imageframe imageframe-none imageframe-2 hover-type-none\"><img data-recalc-dims=\"1\" decoding=\"async\" width=\"800\" height=\"530\" title=\"Beautiful,Hidden,Ekom,Waterfall,Deep,In,The,Tropical,Rain,Forest\" src=\"https:\/\/i0.wp.com\/well-grounded.org\/wp-content\/uploads\/2022\/03\/Well-Grounded-Organisation-Development-2.jpg?resize=800%2C530&#038;ssl=1\" alt class=\"img-responsive wp-image-4181\" srcset=\"https:\/\/i0.wp.com\/well-grounded.org\/wp-content\/uploads\/2022\/03\/Well-Grounded-Organisation-Development-2.jpg?resize=200%2C133&amp;ssl=1 200w, https:\/\/i0.wp.com\/well-grounded.org\/wp-content\/uploads\/2022\/03\/Well-Grounded-Organisation-Development-2.jpg?resize=300%2C199&amp;ssl=1 300w, https:\/\/i0.wp.com\/well-grounded.org\/wp-content\/uploads\/2022\/03\/Well-Grounded-Organisation-Development-2.jpg?resize=400%2C265&amp;ssl=1 400w, https:\/\/i0.wp.com\/well-grounded.org\/wp-content\/uploads\/2022\/03\/Well-Grounded-Organisation-Development-2.jpg?resize=600%2C398&amp;ssl=1 600w, https:\/\/i0.wp.com\/well-grounded.org\/wp-content\/uploads\/2022\/03\/Well-Grounded-Organisation-Development-2.jpg?resize=768%2C509&amp;ssl=1 768w, https:\/\/i0.wp.com\/well-grounded.org\/wp-content\/uploads\/2022\/03\/Well-Grounded-Organisation-Development-2.jpg?w=800&amp;ssl=1 800w\" sizes=\"(max-width: 1024px) 100vw, (max-width: 640px) 100vw, 800px\" \/><\/span><\/div><div class=\"fusion-text fusion-text-5\" style=\"--awb-text-transform:none;--awb-margin-top:30px;\"><h6><strong>Leadership<\/strong><\/h6>\n<p>Nous cr\u00e9ons des espaces individuels pour les dirigeants et les cadres sup\u00e9rieurs avec des coachs professionnels. Ils peuvent les mettre \u00e0 profit pour mieux comprendre leur style de leadership et son impact sur leur efficacit\u00e9 et sur la culture organisationnelle. Nous les aidons \u00e0 avoir une vue d&rsquo;ensemble, \u00e0 comprendre leurs forces, \u00e0 d\u00e9velopper davantage leur objectif de leadership et \u00e0 r\u00e9fl\u00e9chir sur leur h\u00e9ritage. Nous les connectons \u00e9galement \u00e0 d\u2019autres leaders en tant que partenaires d\u2019apprentissage, et nous encourageons les groupes d\u2019apprentissage par les pairs dans le cas de d\u00e9fis ou d\u2019int\u00e9r\u00eats communs.<\/p>\n<\/div><div class=\"fusion-text fusion-text-6\" style=\"--awb-text-transform:none;--awb-margin-top:30px;\"><h6><strong>Partenariats<\/strong><\/h6>\n<p>Nous aidons les OSC \u00e0 comprendre ce qu\u2019est un partenariat et \u00e0 d\u00e9finir leurs attentes vis-\u00e0-vis des diff\u00e9rents partenariats avec lesquels elles s\u2019engagent. Nous les accompagnons pour analyser les atouts qu&rsquo;ils apportent aux diff\u00e9rents partenariats. Nous les aidons \u00e0 d\u00e9finir ce \u00e0 quoi ressemble pour eux une situation favorable aux deux parties et un partenariat \u00e9quilibr\u00e9.<\/p>\n<p>Nous cr\u00e9ons \u00e9galement des espaces permettant aux OSC et \u00e0 leurs partenaires financiers et techniques de r\u00e9fl\u00e9chir, d\u2019analyser et d\u2019am\u00e9liorer les partenariats existants.<\/p>\n<\/div><div class=\"fusion-text fusion-text-7\" style=\"--awb-text-transform:none;--awb-margin-top:30px;\"><h6><strong>D\u00e9veloppement ax\u00e9 sur la communaut\u00e9<\/strong><\/h6>\n<p>Nous aidons les OSC \u00e0 r\u00e9fl\u00e9chir de mani\u00e8re critique \u00e0 la mani\u00e8re dont elles s&rsquo;engagent aupr\u00e8s des communaut\u00e9s qu&rsquo;elles servent et \u00e0 la nature de leurs relations. Nous accompagnons les OSC dans la r\u00e9flexion sur les raisons de leur engagement envers leurs communaut\u00e9s locales. Nous exposons \u00e9galement les OSC aux approches centr\u00e9es sur la communaut\u00e9, en les connectant \u00e0 d&rsquo;autres OSC et\/ou communaut\u00e9s qui utilisent cette pratique afin de partager l&rsquo;apprentissage. Nous connectons \u00e9galement les OSC \u00e0 d&rsquo;autres praticiens pour l&rsquo;apprentissage par les pairs.<\/p>\n<\/div><div class=\"fusion-text fusion-text-8\" style=\"--awb-text-transform:none;--awb-margin-top:30px;\"><h6><strong>Technologies de l&rsquo;information et de la communication (TIC) <\/strong><\/h6>\n<p>Nous aidons les OSC \u00e0 comprendre l&rsquo;utilisation strat\u00e9gique des TIC. Nous les exposons \u00e0 des outils et des technologies accessibles et disponibles pour les aider \u00e0 atteindre leurs objectifs strat\u00e9giques et \u00e0 am\u00e9liorer le partage d&rsquo;informations au sein de l&rsquo;\u00e9quipe. La disponibilit\u00e9 et l&rsquo;accessibilit\u00e9 couvrent une gamme de facteurs, y compris l&rsquo;infrastructure, les co\u00fbts, la propri\u00e9t\u00e9 intellectuelle, etc. Nous construisons des partenariats solides avec des organisations dont le c\u0153ur de m\u00e9tier est d&rsquo;accompagner les \u00e9quipes dans l&rsquo;utilisation strat\u00e9gique des TIC.<\/p>\n<\/div><\/div><\/div><\/div><\/div><div class=\"fusion-fullwidth fullwidth-box fusion-builder-row-3 fusion-flex-container fusion-parallax-none nonhundred-percent-fullwidth non-hundred-percent-height-scrolling\" style=\"--awb-border-radius-top-left:0px;--awb-border-radius-top-right:0px;--awb-border-radius-bottom-right:0px;--awb-border-radius-bottom-left:0px;--awb-margin-top:0px;--awb-margin-bottom:0px;--awb-background-image:url(&quot;https:\/\/well-grounded.org\/wp-content\/uploads\/2021\/11\/Well-Grounded-Organisation-Change.jpg&quot;);--awb-background-size:cover;--awb-flex-wrap:wrap;\" ><div class=\"fusion-builder-row fusion-row fusion-flex-align-items-flex-start fusion-flex-content-wrap\" style=\"max-width:1331.2px;margin-left: calc(-4% \/ 2 );margin-right: calc(-4% \/ 2 );\"><div class=\"fusion-layout-column fusion_builder_column fusion-builder-column-3 fusion_builder_column_1_1 1_1 fusion-flex-column\" style=\"--awb-bg-size:cover;--awb-width-large:100%;--awb-margin-top-large:10px;--awb-spacing-right-large:1.92%;--awb-margin-bottom-large:10px;--awb-spacing-left-large:1.92%;--awb-width-medium:100%;--awb-order-medium:0;--awb-spacing-right-medium:1.92%;--awb-spacing-left-medium:1.92%;--awb-width-small:100%;--awb-order-small:0;--awb-spacing-right-small:1.92%;--awb-spacing-left-small:1.92%;\"><div class=\"fusion-column-wrapper fusion-column-has-shadow fusion-flex-justify-content-flex-start fusion-content-layout-column\"><div class=\"fusion-text fusion-text-9 fusion-text-no-margin\" style=\"--awb-text-transform:none;--awb-margin-top:200px;--awb-margin-bottom:200px;\"><h3 style=\"text-align: center;\">Well Grounded attend un engagement fort et conscient des OSC pour s&rsquo;engager dans un processus de d\u00e9veloppement d&rsquo;organisation sur 2-3 ans<\/h3>\n<\/div><\/div><\/div><\/div><\/div><\/p>\n","protected":false},"excerpt":{"rendered":"","protected":false},"author":1,"featured_media":0,"parent":0,"menu_order":0,"comment_status":"closed","ping_status":"closed","template":"100-width.php","meta":{"footnotes":""},"class_list":["post-5538","page","type-page","status-publish","hentry"],"yoast_head":"<!-- This site is optimized with the Yoast SEO plugin v27.4 - https:\/\/yoast.com\/product\/yoast-seo-wordpress\/ -->\n<title>D\u00e9veloppement organisationnel - Well Grounded<\/title>\n<meta name=\"robots\" content=\"index, follow, max-snippet:-1, max-image-preview:large, max-video-preview:-1\" \/>\n<link rel=\"canonical\" href=\"https:\/\/well-grounded.org\/fr\/organisation-developpement\/\" \/>\n<meta property=\"og:locale\" content=\"fr_FR\" \/>\n<meta property=\"og:type\" content=\"article\" \/>\n<meta property=\"og:title\" content=\"D\u00e9veloppement organisationnel - Well Grounded\" \/>\n<meta property=\"og:url\" content=\"https:\/\/well-grounded.org\/fr\/organisation-developpement\/\" \/>\n<meta property=\"og:site_name\" content=\"Well Grounded\" \/>\n<meta property=\"article:modified_time\" content=\"2022-08-17T11:33:14+00:00\" \/>\n<meta name=\"twitter:card\" content=\"summary_large_image\" \/>\n<meta name=\"twitter:label1\" content=\"Dur\u00e9e de lecture estim\u00e9e\" \/>\n\t<meta name=\"twitter:data1\" content=\"20 minutes\" \/>\n<!-- \/ Yoast SEO plugin. -->","yoast_head_json":{"title":"D\u00e9veloppement organisationnel - Well Grounded","robots":{"index":"index","follow":"follow","max-snippet":"max-snippet:-1","max-image-preview":"max-image-preview:large","max-video-preview":"max-video-preview:-1"},"canonical":"https:\/\/well-grounded.org\/fr\/organisation-developpement\/","og_locale":"fr_FR","og_type":"article","og_title":"D\u00e9veloppement organisationnel - Well Grounded","og_url":"https:\/\/well-grounded.org\/fr\/organisation-developpement\/","og_site_name":"Well Grounded","article_modified_time":"2022-08-17T11:33:14+00:00","twitter_card":"summary_large_image","twitter_misc":{"Dur\u00e9e de lecture estim\u00e9e":"20 minutes"},"schema":{"@context":"https:\/\/schema.org","@graph":[{"@type":"WebPage","@id":"https:\/\/well-grounded.org\/fr\/organisation-developpement\/","url":"https:\/\/well-grounded.org\/fr\/organisation-developpement\/","name":"D\u00e9veloppement organisationnel - Well Grounded","isPartOf":{"@id":"https:\/\/well-grounded.org\/fr\/#website"},"datePublished":"2022-04-05T15:20:18+00:00","dateModified":"2022-08-17T11:33:14+00:00","breadcrumb":{"@id":"https:\/\/well-grounded.org\/fr\/organisation-developpement\/#breadcrumb"},"inLanguage":"fr-FR","potentialAction":[{"@type":"ReadAction","target":["https:\/\/well-grounded.org\/fr\/organisation-developpement\/"]}]},{"@type":"BreadcrumbList","@id":"https:\/\/well-grounded.org\/fr\/organisation-developpement\/#breadcrumb","itemListElement":[{"@type":"ListItem","position":1,"name":"Home","item":"https:\/\/well-grounded.org\/fr\/"},{"@type":"ListItem","position":2,"name":"D\u00e9veloppement organisationnel"}]},{"@type":"WebSite","@id":"https:\/\/well-grounded.org\/fr\/#website","url":"https:\/\/well-grounded.org\/fr\/","name":"Well Grounded","description":"Empowering Civil Society","publisher":{"@id":"https:\/\/well-grounded.org\/fr\/#organization"},"potentialAction":[{"@type":"SearchAction","target":{"@type":"EntryPoint","urlTemplate":"https:\/\/well-grounded.org\/fr\/?s={search_term_string}"},"query-input":{"@type":"PropertyValueSpecification","valueRequired":true,"valueName":"search_term_string"}}],"inLanguage":"fr-FR"},{"@type":"Organization","@id":"https:\/\/well-grounded.org\/fr\/#organization","name":"Well Grounded","url":"https:\/\/well-grounded.org\/fr\/","logo":{"@type":"ImageObject","inLanguage":"fr-FR","@id":"https:\/\/well-grounded.org\/fr\/#\/schema\/logo\/image\/","url":"https:\/\/well-grounded.org\/wp-content\/uploads\/2022\/07\/Well-Grounded-Logo-with-tagline-no-Map.jpg","contentUrl":"https:\/\/well-grounded.org\/wp-content\/uploads\/2022\/07\/Well-Grounded-Logo-with-tagline-no-Map.jpg","width":1195,"height":809,"caption":"Well Grounded"},"image":{"@id":"https:\/\/well-grounded.org\/fr\/#\/schema\/logo\/image\/"}}]}},"jetpack_sharing_enabled":true,"_links":{"self":[{"href":"https:\/\/well-grounded.org\/fr\/wp-json\/wp\/v2\/pages\/5538","targetHints":{"allow":["GET"]}}],"collection":[{"href":"https:\/\/well-grounded.org\/fr\/wp-json\/wp\/v2\/pages"}],"about":[{"href":"https:\/\/well-grounded.org\/fr\/wp-json\/wp\/v2\/types\/page"}],"author":[{"embeddable":true,"href":"https:\/\/well-grounded.org\/fr\/wp-json\/wp\/v2\/users\/1"}],"replies":[{"embeddable":true,"href":"https:\/\/well-grounded.org\/fr\/wp-json\/wp\/v2\/comments?post=5538"}],"version-history":[{"count":0,"href":"https:\/\/well-grounded.org\/fr\/wp-json\/wp\/v2\/pages\/5538\/revisions"}],"wp:attachment":[{"href":"https:\/\/well-grounded.org\/fr\/wp-json\/wp\/v2\/media?parent=5538"}],"curies":[{"name":"wp","href":"https:\/\/api.w.org\/{rel}","templated":true}]}}