{"id":5524,"date":"2022-04-05T15:20:15","date_gmt":"2022-04-05T15:20:15","guid":{"rendered":"https:\/\/well-grounded.org\/comment-nous-choisissons-les-osc-que-nous-soutenons\/"},"modified":"2024-10-01T12:20:45","modified_gmt":"2024-10-01T12:20:45","slug":"comment-nous-choisissons-csos-que-nous-supportons","status":"publish","type":"page","link":"https:\/\/well-grounded.org\/fr\/comment-nous-choisissons-csos-que-nous-supportons\/","title":{"rendered":"Comment nous choisissons les OSC que nous soutenons"},"content":{"rendered":"<p><div class=\"fusion-fullwidth fullwidth-box fusion-builder-row-1 fusion-flex-container nonhundred-percent-fullwidth non-hundred-percent-height-scrolling\" style=\"--awb-background-position:left top;--awb-border-sizes-top:0px;--awb-border-sizes-bottom:0px;--awb-border-sizes-left:0px;--awb-border-sizes-right:0px;--awb-border-radius-top-left:0px;--awb-border-radius-top-right:0px;--awb-border-radius-bottom-right:0px;--awb-border-radius-bottom-left:0px;--awb-padding-top:50px;--awb-padding-bottom:20px;--awb-flex-wrap:wrap;\" ><div class=\"fusion-builder-row fusion-row fusion-flex-align-items-flex-start fusion-flex-content-wrap\" style=\"max-width:1331.2px;margin-left: calc(-4% \/ 2 );margin-right: calc(-4% \/ 2 );\"><div class=\"fusion-layout-column fusion_builder_column fusion-builder-column-0 fusion_builder_column_1_2 1_2 fusion-flex-column\" style=\"--awb-bg-size:cover;--awb-width-large:50%;--awb-margin-top-large:10px;--awb-spacing-right-large:3.84%;--awb-margin-bottom-large:30px;--awb-spacing-left-large:3.84%;--awb-width-medium:100%;--awb-spacing-right-medium:1.92%;--awb-spacing-left-medium:1.92%;--awb-width-small:100%;--awb-spacing-right-small:1.92%;--awb-spacing-left-small:1.92%;\"><div class=\"fusion-column-wrapper fusion-flex-justify-content-flex-start fusion-content-layout-column\"><div class=\"fusion-text fusion-text-1\" style=\"--awb-text-transform:none;\"><p style=\"font-size: 24px; line-height: 36px; text-align: left;\">Well Grounded travaille avec des organisations de la soci\u00e9t\u00e9 civile (OSC) qui \u0153uvrent \u00e0 la gouvernance des ressources naturelles et la justice sociale dans le bassin du Congo<\/p>\n<p style=\"font-size: 24px; line-height: 36px; text-align: left;\">Nous recherchons des organisations \u00e0 fort potentiel d&rsquo;impact aux niveaux local et national, mobilisant et repr\u00e9sentant les voix et les int\u00e9r\u00eats des communaut\u00e9s locales et autochtones, avec un accent particulier sur les voix des femmes. Nous recherchons des organisations qui agissent pour influencer les cadres juridiques li\u00e9s \u00e0 la gouvernance des ressources naturelles, aux droits des communaut\u00e9s et des peuples autochtones et qui donnent aux communaut\u00e9s les moyens de prendre le contr\u00f4le de leur destin.<\/p>\n<\/div><\/div><\/div><div class=\"fusion-layout-column fusion_builder_column fusion-builder-column-1 fusion_builder_column_1_2 1_2 fusion-flex-column\" style=\"--awb-bg-size:cover;--awb-width-large:50%;--awb-margin-top-large:10px;--awb-spacing-right-large:3.84%;--awb-margin-bottom-large:30px;--awb-spacing-left-large:3.84%;--awb-width-medium:100%;--awb-spacing-right-medium:1.92%;--awb-spacing-left-medium:1.92%;--awb-width-small:100%;--awb-spacing-right-small:1.92%;--awb-spacing-left-small:1.92%;\"><div class=\"fusion-column-wrapper fusion-flex-justify-content-flex-start fusion-content-layout-column\"><div class=\"fusion-text fusion-text-2\" style=\"--awb-text-transform:none;\"><p style=\"font-size: 24px; line-height: 36px; text-align: left;\">Nous recherchons en particulier des organisations et des r\u00e9seaux dirig\u00e9s par des peuples autochtones, des femmes et des jeunes visant \u00e0 accro\u00eetre et \u00e0 d\u00e9fendre les droits des femmes et des droits de propri\u00e9t\u00e9 intellectuelle dans la gouvernance des ressources naturelles avec le potentiel de cro\u00eetre et de r\u00e9aliser des changements positifs, et d&rsquo;informer et d&rsquo;inspirer les autres.<\/p>\n<p style=\"font-size: 24px; line-height: 36px; text-align: left;\">Nos partenaires OSC peuvent \u00eatre des groupes formels ou informels et inclure\u00a0:<br \/>\n\u2022 les organisations et associations nationales ou communautaires de la soci\u00e9t\u00e9 civile<br \/>\n\u2022 les r\u00e9seaux d\u2019OSC locaux, nationaux ou r\u00e9gionaux (plateformes, coalitions ou alliances<\/p>\n<\/div><\/div><\/div><\/div><\/div><div class=\"fusion-fullwidth fullwidth-box fusion-builder-row-2 fusion-flex-container fusion-parallax-none nonhundred-percent-fullwidth non-hundred-percent-height-scrolling\" style=\"--awb-border-radius-top-left:0px;--awb-border-radius-top-right:0px;--awb-border-radius-bottom-right:0px;--awb-border-radius-bottom-left:0px;--awb-background-image:url(&quot;https:\/\/well-grounded.org\/wp-content\/uploads\/2022\/01\/Well-Grounded-header-image-3.jpg&quot;);--awb-background-size:cover;--awb-flex-wrap:wrap;\" ><div class=\"fusion-builder-row fusion-row fusion-flex-align-items-flex-start fusion-flex-content-wrap\" style=\"max-width:1331.2px;margin-left: calc(-4% \/ 2 );margin-right: calc(-4% \/ 2 );\"><div class=\"fusion-layout-column fusion_builder_column fusion-builder-column-2 fusion_builder_column_1_1 1_1 fusion-flex-column\" style=\"--awb-bg-size:cover;--awb-width-large:100%;--awb-margin-top-large:10px;--awb-spacing-right-large:1.92%;--awb-margin-bottom-large:10px;--awb-spacing-left-large:1.92%;--awb-width-medium:100%;--awb-order-medium:0;--awb-spacing-right-medium:1.92%;--awb-spacing-left-medium:1.92%;--awb-width-small:100%;--awb-order-small:0;--awb-spacing-right-small:1.92%;--awb-spacing-left-small:1.92%;\"><div class=\"fusion-column-wrapper fusion-column-has-shadow fusion-flex-justify-content-flex-start fusion-content-layout-column\"><div class=\"fusion-text fusion-text-3 fusion-text-no-margin\" style=\"--awb-text-transform:none;--awb-margin-top:200px;--awb-margin-bottom:0px;\"><h3 style=\"text-align: center;\">Nous recherchons en particulier des organisations et des r\u00e9seaux dirig\u00e9s par des peuples autochtones, des femmes et des jeunes visant \u00e0 accro\u00eetre et \u00e0 d\u00e9fendre les droits des femmes et des droits de propri\u00e9t\u00e9 intellectuelle dans la gouvernance des ressources naturelles.<\/h3>\n<h3 style=\"text-align: center;\">Si vous souhaitez b\u00e9n\u00e9ficier de notre soutien s\u2019il vous pla\u00eet contactez-nous<\/h3>\n<\/div><div style=\"text-align:center;\"><a class=\"fusion-button button-flat button-medium button-default fusion-button-default button-1 fusion-button-span-no fusion-button-default-type\" style=\"--awb-margin-top:20px;--awb-margin-right:0px;--awb-margin-bottom:200px;--awb-margin-left:0px;--button-border-radius-top-left:0;--button-border-radius-top-right:0;--button-border-radius-bottom-right:0;--button-border-radius-bottom-left:0;\" target=\"_self\" href=\"mailto:info@well-grounded.org\"><span class=\"fusion-button-text awb-button__text awb-button__text--default\">ENTRER EN CONTACT<\/span><\/a><\/div><\/div><\/div><\/div><\/div><div class=\"fusion-fullwidth fullwidth-box fusion-builder-row-3 fusion-flex-container nonhundred-percent-fullwidth non-hundred-percent-height-scrolling white\" style=\"--link_hover_color: #002635;--link_color: #8bc34a;--awb-border-radius-top-left:0px;--awb-border-radius-top-right:0px;--awb-border-radius-bottom-right:0px;--awb-border-radius-bottom-left:0px;--awb-padding-top:20px;--awb-padding-right:20px;--awb-padding-bottom:20px;--awb-padding-left:20px;--awb-background-color:#003f59;--awb-flex-wrap:wrap;\" ><div class=\"fusion-builder-row fusion-row fusion-flex-align-items-flex-start fusion-flex-content-wrap\" style=\"max-width:1331.2px;margin-left: calc(-4% \/ 2 );margin-right: calc(-4% \/ 2 );\"><div class=\"fusion-layout-column fusion_builder_column fusion-builder-column-3 fusion_builder_column_1_1 1_1 fusion-flex-column\" style=\"--awb-bg-size:cover;--awb-width-large:100%;--awb-margin-top-large:10px;--awb-spacing-right-large:1.92%;--awb-margin-bottom-large:0px;--awb-spacing-left-large:1.92%;--awb-width-medium:100%;--awb-order-medium:0;--awb-spacing-right-medium:1.92%;--awb-spacing-left-medium:1.92%;--awb-width-small:100%;--awb-order-small:0;--awb-spacing-right-small:1.92%;--awb-spacing-left-small:1.92%;\"><div class=\"fusion-column-wrapper fusion-column-has-shadow fusion-flex-justify-content-flex-start fusion-content-layout-column\"><div class=\"fusion-text fusion-text-4\" style=\"--awb-text-transform:none;\"><h3 style=\"font-size: 24px; line-height: 36px; text-align: left;\"><b>Ce que nous recherchons chez nos partenaires :<\/b><\/h3>\n<p>Les probl\u00e8mes que nous cherchons \u00e0 r\u00e9soudre sont complexes et n\u00e9cessitent un engagement \u00e0 long terme pour cr\u00e9er un changement durable. Nous choisissons nos partenaires de mani\u00e8re r\u00e9fl\u00e9chie. Nous \u00e9valuons constamment notre collaboration et ajustons nos strat\u00e9gies si n\u00e9cessaire. Nous soutenons les OSC sur la base du financement que nous recevons des donateurs, ou lorsque l&rsquo;OSC elle-m\u00eame distribue ou l\u00e8ve les fonds pour r\u00e9mun\u00e9rer l&rsquo;implication de WG. Par cons\u00e9quent, nos ressources sont limit\u00e9es et nous ne sommes pas en mesure de r\u00e9pondre positivement \u00e0 toutes les demandes que nous recevons. Les \u00e9l\u00e9ments suivants sont essentiels lorsque nous choisissons les organisations que nous soutenons\u00a0:<\/p>\n<\/div><\/div><\/div><div class=\"fusion-layout-column fusion_builder_column fusion-builder-column-4 fusion_builder_column_1_2 1_2 fusion-flex-column\" style=\"--awb-bg-size:cover;--awb-width-large:50%;--awb-margin-top-large:10px;--awb-spacing-right-large:3.84%;--awb-margin-bottom-large:10px;--awb-spacing-left-large:3.84%;--awb-width-medium:100%;--awb-order-medium:0;--awb-spacing-right-medium:1.92%;--awb-spacing-left-medium:1.92%;--awb-width-small:100%;--awb-order-small:0;--awb-spacing-right-small:1.92%;--awb-spacing-left-small:1.92%;\"><div class=\"fusion-column-wrapper fusion-column-has-shadow fusion-flex-justify-content-flex-start fusion-content-layout-column\"><div class=\"fusion-text fusion-text-5\" style=\"--awb-text-transform:none;--awb-margin-top:30px;\"><h6><b>1\/ Justice sociale &amp; environnementale<\/b><\/h6>\n<p>Les organisations qui (1) accompagnent les communaut\u00e9s pour qu\u2019elles soient des acteurs efficaces dans la gouvernance des ressources naturelles ; (2) soutiennent la durabilit\u00e9 et l\u2019autonomie des communaut\u00e9s ; (3) plaident pour les droits des communaut\u00e9s locales, en particulier les droits des femmes sur les ressources naturelles, notamment en ce qui concerne les droits fonciers ; (4) travaillent sur les questions li\u00e9es au changement climatique en g\u00e9n\u00e9ral, en mettant l\u2019accent sur l\u2019impact du changement climatique sur les femmes en particulier.<span style=\"color: #003f59;\">.<\/span><\/p>\n<\/div><div class=\"fusion-text fusion-text-6\" style=\"--awb-text-transform:none;--awb-margin-top:30px;\"><h6><strong><b>2\/ Orientation g\u00e9ographique<\/b><\/strong><\/h6>\n<p>Well Grounded cherche \u00e0 travailler avec des organisations des pays du Bassin du Congo, en particulier de la RDC, de la RC et du Cameroun. Les organisations d&rsquo;autres pays d&rsquo;Afrique peuvent \u00eatre prises en consid\u00e9ration lorsqu&rsquo;elles travaillent dans des domaines strat\u00e9giques et innovants pour la gouvernance et la conservation des ressources naturelles.<\/p>\n<\/div><div class=\"fusion-text fusion-text-7\" style=\"--awb-text-transform:none;--awb-margin-top:30px;\"><h6><strong><b>3\/ Engagement<\/b><\/strong><\/h6>\n<p>Des organisations passionn\u00e9es et engag\u00e9es dans leur travail, dans ce qu&rsquo;elles veulent accomplir, et dans le d\u00e9veloppement et le maintien de leur organisation. Les organisations qui sont engag\u00e9es dans les processus de changement associ\u00e9s au d\u00e9veloppement organisationnel et qui sont pr\u00eates \u00e0 investir de l\u2019\u00e9nergie et du temps pour am\u00e9liorer leur efficacit\u00e9 organisationnelle afin qu\u2019elles puissent se perfectionner.<\/p>\n<\/div><\/div><\/div><div class=\"fusion-layout-column fusion_builder_column fusion-builder-column-5 fusion_builder_column_1_2 1_2 fusion-flex-column\" style=\"--awb-bg-size:cover;--awb-width-large:50%;--awb-margin-top-large:10px;--awb-spacing-right-large:3.84%;--awb-margin-bottom-large:10px;--awb-spacing-left-large:3.84%;--awb-width-medium:100%;--awb-spacing-right-medium:1.92%;--awb-spacing-left-medium:1.92%;--awb-width-small:100%;--awb-spacing-right-small:1.92%;--awb-spacing-left-small:1.92%;\"><div class=\"fusion-column-wrapper fusion-flex-justify-content-flex-start fusion-content-layout-column\"><div class=\"fusion-text fusion-text-8\" style=\"--awb-text-transform:none;--awb-margin-top:30px;\"><h6><strong><b>4\/ Potentiel de changement<\/b><\/strong><\/h6>\n<p>Nous recherchons des organisations qui ont le potentiel d&rsquo;influencer le changement au niveau local et\/ou national, des organisations qui cherchent \u00e0 d\u00e9fier efficacement les dynamiques de pouvoir existantes et \u00e0 mobiliser les communaut\u00e9s. Des organisations innovantes ou ayant trouv\u00e9 une valeur ajout\u00e9e unique.<\/p>\n<\/div><div class=\"fusion-text fusion-text-9\" style=\"--awb-text-transform:none;--awb-margin-top:30px;\"><h6><strong><b>5\/ Leadership<\/b><\/strong><\/h6>\n<p>Des organisations avec des leaders motiv\u00e9s et ayant une vision convaincante et le d\u00e9sir d\u2019apprendre, de se remettre en question et de collaborer avec les autres afin de r\u00e9aliser leur vision. Nous sommes particuli\u00e8rement int\u00e9ress\u00e9s par une collaboration avec des femmes ou des organisations dirig\u00e9es par des IP.<\/p>\n<\/div><div class=\"fusion-text fusion-text-10\" style=\"--awb-text-transform:none;--awb-margin-top:30px;\"><h6><strong><b>6\/ Acc\u00e8s aux technologies de communication<br \/>\n<\/b><\/strong><\/h6>\n<p>Les organisations qui ont un acc\u00e8s raisonnable aux canaux de communication et \u00e0 l\u2019infrastructure Internet ainsi qu\u2019une ouverture et un engagement envers la collaboration gr\u00e2ce \u00e0 un m\u00e9lange de r\u00e9unions\/ateliers en pr\u00e9sentiel et en ligne. Dispos\u00e9es \u00e0 apprendre et \u00e0 tirer parti de la technologie existante (et abordable) afin d\u2019augmenter l\u2019efficacit\u00e9 et la visibilit\u00e9.<\/p>\n<\/div><div class=\"fusion-text fusion-text-11\" style=\"--awb-text-transform:none;--awb-margin-top:30px;\"><h6><strong><b>7\/ Organisations \u00e9mergentes<br \/>\n<\/b><\/strong><\/h6>\n<p>Nous cherchons \u00e0 soutenir les organisations \u00e9mergentes qui tentent de d\u00e9fier le statu quo et d&rsquo;innover, celles qui sont dirig\u00e9es par des jeunes, afin de se pr\u00e9parer et de s&rsquo;impliquer aupr\u00e8s de la prochaine g\u00e9n\u00e9ration et d&rsquo;encourager la diversit\u00e9 des id\u00e9es et des actions dans le contexte de la soci\u00e9t\u00e9 civile .<\/p>\n<\/div><\/div><\/div><\/div><\/div><div class=\"fusion-fullwidth fullwidth-box fusion-builder-row-4 fusion-flex-container fusion-parallax-none nonhundred-percent-fullwidth non-hundred-percent-height-scrolling\" style=\"--awb-border-radius-top-left:0px;--awb-border-radius-top-right:0px;--awb-border-radius-bottom-right:0px;--awb-border-radius-bottom-left:0px;--awb-background-image:url(&quot;https:\/\/well-grounded.org\/wp-content\/uploads\/2022\/01\/Well-Grounded-CSOs.jpg&quot;);--awb-background-size:cover;--awb-flex-wrap:wrap;\" ><div class=\"fusion-builder-row fusion-row fusion-flex-align-items-flex-start fusion-flex-content-wrap\" style=\"max-width:1331.2px;margin-left: calc(-4% \/ 2 );margin-right: calc(-4% \/ 2 );\"><div class=\"fusion-layout-column fusion_builder_column fusion-builder-column-6 fusion_builder_column_1_1 1_1 fusion-flex-column\" style=\"--awb-bg-size:cover;--awb-width-large:100%;--awb-margin-top-large:10px;--awb-spacing-right-large:1.92%;--awb-margin-bottom-large:10px;--awb-spacing-left-large:1.92%;--awb-width-medium:100%;--awb-order-medium:0;--awb-spacing-right-medium:1.92%;--awb-spacing-left-medium:1.92%;--awb-width-small:100%;--awb-order-small:0;--awb-spacing-right-small:1.92%;--awb-spacing-left-small:1.92%;\"><div class=\"fusion-column-wrapper fusion-column-has-shadow fusion-flex-justify-content-flex-start fusion-content-layout-column\"><div class=\"fusion-separator fusion-full-width-sep\" style=\"align-self: center;margin-left: auto;margin-right: auto;margin-top:200px;margin-bottom:200px;width:100%;\"><\/div><\/div><\/div><\/div><\/div><\/p>\n","protected":false},"excerpt":{"rendered":"","protected":false},"author":1,"featured_media":0,"parent":0,"menu_order":0,"comment_status":"closed","ping_status":"closed","template":"100-width.php","meta":{"footnotes":""},"class_list":["post-5524","page","type-page","status-publish","hentry"],"yoast_head":"<!-- This site is optimized with the Yoast SEO plugin v27.4 - https:\/\/yoast.com\/product\/yoast-seo-wordpress\/ -->\n<title>Comment nous choisissons les OSC que nous soutenons - Well Grounded<\/title>\n<meta name=\"robots\" content=\"index, follow, max-snippet:-1, max-image-preview:large, max-video-preview:-1\" \/>\n<link rel=\"canonical\" href=\"https:\/\/well-grounded.org\/fr\/comment-nous-choisissons-csos-que-nous-supportons\/\" \/>\n<meta property=\"og:locale\" content=\"fr_FR\" \/>\n<meta property=\"og:type\" content=\"article\" \/>\n<meta property=\"og:title\" content=\"Comment nous choisissons les OSC que nous soutenons - Well Grounded\" \/>\n<meta property=\"og:url\" content=\"https:\/\/well-grounded.org\/fr\/comment-nous-choisissons-csos-que-nous-supportons\/\" \/>\n<meta property=\"og:site_name\" content=\"Well Grounded\" \/>\n<meta property=\"article:modified_time\" content=\"2024-10-01T12:20:45+00:00\" \/>\n<meta name=\"twitter:card\" content=\"summary_large_image\" \/>\n<meta name=\"twitter:label1\" content=\"Dur\u00e9e de lecture estim\u00e9e\" \/>\n\t<meta name=\"twitter:data1\" content=\"4 minutes\" \/>\n<!-- \/ Yoast SEO plugin. -->","yoast_head_json":{"title":"Comment nous choisissons les OSC que nous soutenons - Well Grounded","robots":{"index":"index","follow":"follow","max-snippet":"max-snippet:-1","max-image-preview":"max-image-preview:large","max-video-preview":"max-video-preview:-1"},"canonical":"https:\/\/well-grounded.org\/fr\/comment-nous-choisissons-csos-que-nous-supportons\/","og_locale":"fr_FR","og_type":"article","og_title":"Comment nous choisissons les OSC que nous soutenons - Well Grounded","og_url":"https:\/\/well-grounded.org\/fr\/comment-nous-choisissons-csos-que-nous-supportons\/","og_site_name":"Well Grounded","article_modified_time":"2024-10-01T12:20:45+00:00","twitter_card":"summary_large_image","twitter_misc":{"Dur\u00e9e de lecture estim\u00e9e":"4 minutes"},"schema":{"@context":"https:\/\/schema.org","@graph":[{"@type":"WebPage","@id":"https:\/\/well-grounded.org\/fr\/comment-nous-choisissons-csos-que-nous-supportons\/","url":"https:\/\/well-grounded.org\/fr\/comment-nous-choisissons-csos-que-nous-supportons\/","name":"Comment nous choisissons les OSC que nous soutenons - Well Grounded","isPartOf":{"@id":"https:\/\/well-grounded.org\/fr\/#website"},"datePublished":"2022-04-05T15:20:15+00:00","dateModified":"2024-10-01T12:20:45+00:00","breadcrumb":{"@id":"https:\/\/well-grounded.org\/fr\/comment-nous-choisissons-csos-que-nous-supportons\/#breadcrumb"},"inLanguage":"fr-FR","potentialAction":[{"@type":"ReadAction","target":["https:\/\/well-grounded.org\/fr\/comment-nous-choisissons-csos-que-nous-supportons\/"]}]},{"@type":"BreadcrumbList","@id":"https:\/\/well-grounded.org\/fr\/comment-nous-choisissons-csos-que-nous-supportons\/#breadcrumb","itemListElement":[{"@type":"ListItem","position":1,"name":"Home","item":"https:\/\/well-grounded.org\/fr\/"},{"@type":"ListItem","position":2,"name":"Comment nous choisissons les OSC que nous soutenons"}]},{"@type":"WebSite","@id":"https:\/\/well-grounded.org\/fr\/#website","url":"https:\/\/well-grounded.org\/fr\/","name":"Well Grounded","description":"Empowering Civil Society","publisher":{"@id":"https:\/\/well-grounded.org\/fr\/#organization"},"potentialAction":[{"@type":"SearchAction","target":{"@type":"EntryPoint","urlTemplate":"https:\/\/well-grounded.org\/fr\/?s={search_term_string}"},"query-input":{"@type":"PropertyValueSpecification","valueRequired":true,"valueName":"search_term_string"}}],"inLanguage":"fr-FR"},{"@type":"Organization","@id":"https:\/\/well-grounded.org\/fr\/#organization","name":"Well Grounded","url":"https:\/\/well-grounded.org\/fr\/","logo":{"@type":"ImageObject","inLanguage":"fr-FR","@id":"https:\/\/well-grounded.org\/fr\/#\/schema\/logo\/image\/","url":"https:\/\/well-grounded.org\/wp-content\/uploads\/2022\/07\/Well-Grounded-Logo-with-tagline-no-Map.jpg","contentUrl":"https:\/\/well-grounded.org\/wp-content\/uploads\/2022\/07\/Well-Grounded-Logo-with-tagline-no-Map.jpg","width":1195,"height":809,"caption":"Well Grounded"},"image":{"@id":"https:\/\/well-grounded.org\/fr\/#\/schema\/logo\/image\/"}}]}},"jetpack_sharing_enabled":true,"_links":{"self":[{"href":"https:\/\/well-grounded.org\/fr\/wp-json\/wp\/v2\/pages\/5524","targetHints":{"allow":["GET"]}}],"collection":[{"href":"https:\/\/well-grounded.org\/fr\/wp-json\/wp\/v2\/pages"}],"about":[{"href":"https:\/\/well-grounded.org\/fr\/wp-json\/wp\/v2\/types\/page"}],"author":[{"embeddable":true,"href":"https:\/\/well-grounded.org\/fr\/wp-json\/wp\/v2\/users\/1"}],"replies":[{"embeddable":true,"href":"https:\/\/well-grounded.org\/fr\/wp-json\/wp\/v2\/comments?post=5524"}],"version-history":[{"count":0,"href":"https:\/\/well-grounded.org\/fr\/wp-json\/wp\/v2\/pages\/5524\/revisions"}],"wp:attachment":[{"href":"https:\/\/well-grounded.org\/fr\/wp-json\/wp\/v2\/media?parent=5524"}],"curies":[{"name":"wp","href":"https:\/\/api.w.org\/{rel}","templated":true}]}}