{"id":5522,"date":"2022-04-05T15:20:14","date_gmt":"2022-04-05T15:20:14","guid":{"rendered":"https:\/\/well-grounded.org\/conseils-et-outils\/"},"modified":"2022-04-05T15:20:28","modified_gmt":"2022-04-05T15:20:28","slug":"conseils-et-outils","status":"publish","type":"page","link":"https:\/\/well-grounded.org\/fr\/conseils-et-outils\/","title":{"rendered":"Conseils et outils"},"content":{"rendered":"<div class=\"fusion-fullwidth fullwidth-box fusion-builder-row-1 fusion-flex-container nonhundred-percent-fullwidth non-hundred-percent-height-scrolling\" style=\"--awb-background-position:left top;--awb-border-sizes-top:0px;--awb-border-sizes-bottom:0px;--awb-border-sizes-left:0px;--awb-border-sizes-right:0px;--awb-border-radius-top-left:0px;--awb-border-radius-top-right:0px;--awb-border-radius-bottom-right:0px;--awb-border-radius-bottom-left:0px;--awb-flex-wrap:wrap;\" ><div class=\"fusion-builder-row fusion-row fusion-flex-align-items-flex-start fusion-flex-content-wrap\" style=\"max-width:1331.2px;margin-left: calc(-4% \/ 2 );margin-right: calc(-4% \/ 2 );\"><div class=\"fusion-layout-column fusion_builder_column fusion-builder-column-0 fusion_builder_column_1_4 1_4 fusion-flex-column\" style=\"--awb-bg-size:cover;--awb-width-large:25%;--awb-margin-top-large:10px;--awb-spacing-right-large:7.68%;--awb-margin-bottom-large:30px;--awb-spacing-left-large:7.68%;--awb-width-medium:100%;--awb-spacing-right-medium:1.92%;--awb-spacing-left-medium:1.92%;--awb-width-small:100%;--awb-spacing-right-small:1.92%;--awb-spacing-left-small:1.92%;\"><div class=\"fusion-column-wrapper fusion-flex-justify-content-flex-start fusion-content-layout-column\"><div class=\"fusion-image-element \" style=\"--awb-caption-title-font-family:var(--h2_typography-font-family);--awb-caption-title-font-weight:var(--h2_typography-font-weight);--awb-caption-title-font-style:var(--h2_typography-font-style);--awb-caption-title-size:var(--h2_typography-font-size);--awb-caption-title-transform:var(--h2_typography-text-transform);--awb-caption-title-line-height:var(--h2_typography-line-height);--awb-caption-title-letter-spacing:var(--h2_typography-letter-spacing);\"><span class=\" fusion-imageframe imageframe-dropshadow imageframe-1 hover-type-none\" style=\"-webkit-box-shadow: 3px 3px 7px rgba(51,60,78,0.3);box-shadow: 3px 3px 7px rgba(51,60,78,0.3);\"><a class=\"fusion-no-lightbox\" href=\"https:\/\/well-grounded.org\/wp-content\/uploads\/2021\/11\/Strategy_Digital-English.pdf\" target=\"_blank\" aria-label=\"Well Grounded Strategy_Digital-English-1\" rel=\"noopener noreferrer\"><img data-recalc-dims=\"1\" decoding=\"async\" width=\"1280\" height=\"905\" src=\"https:\/\/i0.wp.com\/well-grounded.org\/wp-content\/uploads\/2021\/11\/Well-Grounded-Strategy_Digital-English-1.png?resize=1280%2C905&#038;ssl=1\" alt class=\"img-responsive wp-image-3261\" srcset=\"https:\/\/i0.wp.com\/well-grounded.org\/wp-content\/uploads\/2021\/11\/Well-Grounded-Strategy_Digital-English-1.png?resize=200%2C141&amp;ssl=1 200w, https:\/\/i0.wp.com\/well-grounded.org\/wp-content\/uploads\/2021\/11\/Well-Grounded-Strategy_Digital-English-1.png?resize=300%2C212&amp;ssl=1 300w, https:\/\/i0.wp.com\/well-grounded.org\/wp-content\/uploads\/2021\/11\/Well-Grounded-Strategy_Digital-English-1.png?resize=400%2C283&amp;ssl=1 400w, https:\/\/i0.wp.com\/well-grounded.org\/wp-content\/uploads\/2021\/11\/Well-Grounded-Strategy_Digital-English-1.png?resize=600%2C424&amp;ssl=1 600w, https:\/\/i0.wp.com\/well-grounded.org\/wp-content\/uploads\/2021\/11\/Well-Grounded-Strategy_Digital-English-1.png?resize=768%2C543&amp;ssl=1 768w, https:\/\/i0.wp.com\/well-grounded.org\/wp-content\/uploads\/2021\/11\/Well-Grounded-Strategy_Digital-English-1.png?resize=800%2C566&amp;ssl=1 800w, https:\/\/i0.wp.com\/well-grounded.org\/wp-content\/uploads\/2021\/11\/Well-Grounded-Strategy_Digital-English-1.png?resize=1024%2C724&amp;ssl=1 1024w, https:\/\/i0.wp.com\/well-grounded.org\/wp-content\/uploads\/2021\/11\/Well-Grounded-Strategy_Digital-English-1.png?resize=1200%2C849&amp;ssl=1 1200w, https:\/\/i0.wp.com\/well-grounded.org\/wp-content\/uploads\/2021\/11\/Well-Grounded-Strategy_Digital-English-1.png?resize=1536%2C1086&amp;ssl=1 1536w, https:\/\/i0.wp.com\/well-grounded.org\/wp-content\/uploads\/2021\/11\/Well-Grounded-Strategy_Digital-English-1.png?w=2560&amp;ssl=1 2560w, https:\/\/i0.wp.com\/well-grounded.org\/wp-content\/uploads\/2021\/11\/Well-Grounded-Strategy_Digital-English-1.png?w=3507&amp;ssl=1 3507w\" sizes=\"(max-width: 1024px) 100vw, (max-width: 640px) 100vw, 400px\" \/><\/a><\/span><\/div><div class=\"fusion-text fusion-text-1\" style=\"--awb-text-transform:none;--awb-margin-top:20px;\"><div class=\"kc-elm kc-css-25639 kc_text_block\">\n<p><strong>Le r\u00f4le de la strat\u00e9gie dans le succ\u00e8s d&rsquo;une organisation<\/strong><\/p>\n<p>La strat\u00e9gie est au c\u0153ur du travail d&rsquo;une organisation. Dans ce document, vous trouverez des conseils pratiques et des \u00e9l\u00e9ments cl\u00e9s \u00e0 int\u00e9grer dans une d\u00e9marche strat\u00e9gique.<\/p>\n<\/div>\n<\/div><\/div><\/div><div class=\"fusion-layout-column fusion_builder_column fusion-builder-column-1 fusion_builder_column_1_4 1_4 fusion-flex-column\" style=\"--awb-bg-size:cover;--awb-width-large:25%;--awb-margin-top-large:10px;--awb-spacing-right-large:7.68%;--awb-margin-bottom-large:30px;--awb-spacing-left-large:7.68%;--awb-width-medium:100%;--awb-spacing-right-medium:1.92%;--awb-spacing-left-medium:1.92%;--awb-width-small:100%;--awb-spacing-right-small:1.92%;--awb-spacing-left-small:1.92%;\"><div class=\"fusion-column-wrapper fusion-flex-justify-content-flex-start fusion-content-layout-column\"><div class=\"fusion-image-element \" style=\"--awb-caption-title-font-family:var(--h2_typography-font-family);--awb-caption-title-font-weight:var(--h2_typography-font-weight);--awb-caption-title-font-style:var(--h2_typography-font-style);--awb-caption-title-size:var(--h2_typography-font-size);--awb-caption-title-transform:var(--h2_typography-text-transform);--awb-caption-title-line-height:var(--h2_typography-line-height);--awb-caption-title-letter-spacing:var(--h2_typography-letter-spacing);\"><span class=\" fusion-imageframe imageframe-dropshadow imageframe-2 hover-type-none\" style=\"-webkit-box-shadow: 3px 3px 7px rgba(51,60,78,0.3);box-shadow: 3px 3px 7px rgba(51,60,78,0.3);\"><a class=\"fusion-no-lightbox\" href=\"https:\/\/well-grounded.org\/wp-content\/uploads\/2021\/11\/Effective-networks_Digital-English.pdf\" target=\"_blank\" aria-label=\"Well Grounded Effective-networks_Digital-English\" rel=\"noopener noreferrer\"><img data-recalc-dims=\"1\" decoding=\"async\" width=\"1280\" height=\"905\" src=\"https:\/\/i0.wp.com\/well-grounded.org\/wp-content\/uploads\/2021\/11\/Well-Grounded-Effective-networks_Digital-English.png?resize=1280%2C905&#038;ssl=1\" alt class=\"img-responsive wp-image-3265\" srcset=\"https:\/\/i0.wp.com\/well-grounded.org\/wp-content\/uploads\/2021\/11\/Well-Grounded-Effective-networks_Digital-English.png?resize=200%2C141&amp;ssl=1 200w, https:\/\/i0.wp.com\/well-grounded.org\/wp-content\/uploads\/2021\/11\/Well-Grounded-Effective-networks_Digital-English.png?resize=300%2C212&amp;ssl=1 300w, https:\/\/i0.wp.com\/well-grounded.org\/wp-content\/uploads\/2021\/11\/Well-Grounded-Effective-networks_Digital-English.png?resize=400%2C283&amp;ssl=1 400w, https:\/\/i0.wp.com\/well-grounded.org\/wp-content\/uploads\/2021\/11\/Well-Grounded-Effective-networks_Digital-English.png?resize=600%2C424&amp;ssl=1 600w, https:\/\/i0.wp.com\/well-grounded.org\/wp-content\/uploads\/2021\/11\/Well-Grounded-Effective-networks_Digital-English.png?resize=768%2C543&amp;ssl=1 768w, https:\/\/i0.wp.com\/well-grounded.org\/wp-content\/uploads\/2021\/11\/Well-Grounded-Effective-networks_Digital-English.png?resize=800%2C566&amp;ssl=1 800w, https:\/\/i0.wp.com\/well-grounded.org\/wp-content\/uploads\/2021\/11\/Well-Grounded-Effective-networks_Digital-English.png?resize=1024%2C724&amp;ssl=1 1024w, https:\/\/i0.wp.com\/well-grounded.org\/wp-content\/uploads\/2021\/11\/Well-Grounded-Effective-networks_Digital-English.png?resize=1200%2C849&amp;ssl=1 1200w, https:\/\/i0.wp.com\/well-grounded.org\/wp-content\/uploads\/2021\/11\/Well-Grounded-Effective-networks_Digital-English.png?resize=1536%2C1086&amp;ssl=1 1536w, https:\/\/i0.wp.com\/well-grounded.org\/wp-content\/uploads\/2021\/11\/Well-Grounded-Effective-networks_Digital-English.png?w=2560&amp;ssl=1 2560w, https:\/\/i0.wp.com\/well-grounded.org\/wp-content\/uploads\/2021\/11\/Well-Grounded-Effective-networks_Digital-English.png?w=3507&amp;ssl=1 3507w\" sizes=\"(max-width: 1024px) 100vw, (max-width: 640px) 100vw, 400px\" \/><\/a><\/span><\/div><div class=\"fusion-text fusion-text-2\" style=\"--awb-text-transform:none;--awb-margin-top:20px;\"><div class=\"kc-elm kc-css-25639 kc_text_block\">\n<p><strong>Caract\u00e9ristiques d&rsquo;un r\u00e9seau efficace<\/strong><\/p>\n<p>Nous avons identifi\u00e9 les caract\u00e9ristiques d&rsquo;un r\u00e9seau efficace \u00e0 travers nos exp\u00e9riences de soutien au d\u00e9veloppement organisationnel des groupes de la soci\u00e9t\u00e9 civile dans le bassin du Congo. N&rsquo;h\u00e9sitez pas \u00e0 utiliser cette checklist pour \u00e9valuer les performances de votre r\u00e9seau !<\/p>\n<\/div>\n<\/div><\/div><\/div><div class=\"fusion-layout-column fusion_builder_column fusion-builder-column-2 fusion_builder_column_1_4 1_4 fusion-flex-column\" style=\"--awb-bg-size:cover;--awb-width-large:25%;--awb-margin-top-large:10px;--awb-spacing-right-large:7.68%;--awb-margin-bottom-large:30px;--awb-spacing-left-large:7.68%;--awb-width-medium:100%;--awb-spacing-right-medium:1.92%;--awb-spacing-left-medium:1.92%;--awb-width-small:100%;--awb-spacing-right-small:1.92%;--awb-spacing-left-small:1.92%;\"><div class=\"fusion-column-wrapper fusion-flex-justify-content-flex-start fusion-content-layout-column\"><div class=\"fusion-image-element \" style=\"--awb-caption-title-font-family:var(--h2_typography-font-family);--awb-caption-title-font-weight:var(--h2_typography-font-weight);--awb-caption-title-font-style:var(--h2_typography-font-style);--awb-caption-title-size:var(--h2_typography-font-size);--awb-caption-title-transform:var(--h2_typography-text-transform);--awb-caption-title-line-height:var(--h2_typography-line-height);--awb-caption-title-letter-spacing:var(--h2_typography-letter-spacing);\"><span class=\" fusion-imageframe imageframe-dropshadow imageframe-3 hover-type-none\" style=\"-webkit-box-shadow: 3px 3px 7px rgba(51,60,78,0.3);box-shadow: 3px 3px 7px rgba(51,60,78,0.3);\"><a class=\"fusion-no-lightbox\" href=\"https:\/\/well-grounded.org\/wp-content\/uploads\/2021\/11\/Proposal-Tips_Digital-English.pdf\" target=\"_blank\" aria-label=\"Well Grounded Proposal-Tips_Digital-English\" rel=\"noopener noreferrer\"><img data-recalc-dims=\"1\" decoding=\"async\" width=\"1280\" height=\"905\" src=\"https:\/\/i0.wp.com\/well-grounded.org\/wp-content\/uploads\/2021\/11\/Well-Grounded-Proposal-Tips_Digital-English.png?resize=1280%2C905&#038;ssl=1\" alt class=\"img-responsive wp-image-3271\" srcset=\"https:\/\/i0.wp.com\/well-grounded.org\/wp-content\/uploads\/2021\/11\/Well-Grounded-Proposal-Tips_Digital-English.png?resize=200%2C141&amp;ssl=1 200w, https:\/\/i0.wp.com\/well-grounded.org\/wp-content\/uploads\/2021\/11\/Well-Grounded-Proposal-Tips_Digital-English.png?resize=300%2C212&amp;ssl=1 300w, https:\/\/i0.wp.com\/well-grounded.org\/wp-content\/uploads\/2021\/11\/Well-Grounded-Proposal-Tips_Digital-English.png?resize=400%2C283&amp;ssl=1 400w, https:\/\/i0.wp.com\/well-grounded.org\/wp-content\/uploads\/2021\/11\/Well-Grounded-Proposal-Tips_Digital-English.png?resize=600%2C424&amp;ssl=1 600w, https:\/\/i0.wp.com\/well-grounded.org\/wp-content\/uploads\/2021\/11\/Well-Grounded-Proposal-Tips_Digital-English.png?resize=768%2C543&amp;ssl=1 768w, https:\/\/i0.wp.com\/well-grounded.org\/wp-content\/uploads\/2021\/11\/Well-Grounded-Proposal-Tips_Digital-English.png?resize=800%2C566&amp;ssl=1 800w, https:\/\/i0.wp.com\/well-grounded.org\/wp-content\/uploads\/2021\/11\/Well-Grounded-Proposal-Tips_Digital-English.png?resize=1024%2C724&amp;ssl=1 1024w, https:\/\/i0.wp.com\/well-grounded.org\/wp-content\/uploads\/2021\/11\/Well-Grounded-Proposal-Tips_Digital-English.png?resize=1200%2C849&amp;ssl=1 1200w, https:\/\/i0.wp.com\/well-grounded.org\/wp-content\/uploads\/2021\/11\/Well-Grounded-Proposal-Tips_Digital-English.png?resize=1536%2C1086&amp;ssl=1 1536w, https:\/\/i0.wp.com\/well-grounded.org\/wp-content\/uploads\/2021\/11\/Well-Grounded-Proposal-Tips_Digital-English.png?w=2560&amp;ssl=1 2560w, https:\/\/i0.wp.com\/well-grounded.org\/wp-content\/uploads\/2021\/11\/Well-Grounded-Proposal-Tips_Digital-English.png?w=3507&amp;ssl=1 3507w\" sizes=\"(max-width: 1024px) 100vw, (max-width: 640px) 100vw, 400px\" \/><\/a><\/span><\/div><div class=\"fusion-text fusion-text-3\" style=\"--awb-text-transform:none;--awb-margin-top:20px;\"><div class=\"kc-elm kc-css-25639 kc_text_block\">\n<p><strong>Conseils pour \u00e9laborer des propositions<\/strong><\/p>\n<p>Well Grounded a d\u00e9velopp\u00e9 un court document offrant &lsquo;dix conseils&rsquo; sur la pr\u00e9paration de propositions pour les donateurs internationaux. T\u00e9l\u00e9charger les ici!<\/p>\n<\/div>\n<\/div><\/div><\/div><\/div><\/div>\n","protected":false},"excerpt":{"rendered":"","protected":false},"author":1,"featured_media":0,"parent":0,"menu_order":0,"comment_status":"closed","ping_status":"closed","template":"","meta":{"footnotes":""},"class_list":["post-5522","page","type-page","status-publish","hentry"],"yoast_head":"<!-- This site is optimized with the Yoast SEO plugin v27.4 - https:\/\/yoast.com\/product\/yoast-seo-wordpress\/ -->\n<title>Conseils et outils - Well Grounded<\/title>\n<meta name=\"robots\" content=\"index, follow, max-snippet:-1, max-image-preview:large, max-video-preview:-1\" \/>\n<link rel=\"canonical\" href=\"https:\/\/well-grounded.org\/fr\/conseils-et-outils\/\" \/>\n<meta property=\"og:locale\" content=\"fr_FR\" \/>\n<meta property=\"og:type\" content=\"article\" \/>\n<meta property=\"og:title\" content=\"Conseils et outils - Well Grounded\" \/>\n<meta property=\"og:url\" content=\"https:\/\/well-grounded.org\/fr\/conseils-et-outils\/\" \/>\n<meta property=\"og:site_name\" content=\"Well Grounded\" \/>\n<meta property=\"article:modified_time\" content=\"2022-04-05T15:20:28+00:00\" \/>\n<meta name=\"twitter:card\" content=\"summary_large_image\" \/>\n<meta name=\"twitter:label1\" content=\"Dur\u00e9e de lecture estim\u00e9e\" \/>\n\t<meta name=\"twitter:data1\" content=\"8 minutes\" \/>\n<!-- \/ Yoast SEO plugin. -->","yoast_head_json":{"title":"Conseils et outils - Well Grounded","robots":{"index":"index","follow":"follow","max-snippet":"max-snippet:-1","max-image-preview":"max-image-preview:large","max-video-preview":"max-video-preview:-1"},"canonical":"https:\/\/well-grounded.org\/fr\/conseils-et-outils\/","og_locale":"fr_FR","og_type":"article","og_title":"Conseils et outils - Well Grounded","og_url":"https:\/\/well-grounded.org\/fr\/conseils-et-outils\/","og_site_name":"Well Grounded","article_modified_time":"2022-04-05T15:20:28+00:00","twitter_card":"summary_large_image","twitter_misc":{"Dur\u00e9e de lecture estim\u00e9e":"8 minutes"},"schema":{"@context":"https:\/\/schema.org","@graph":[{"@type":"WebPage","@id":"https:\/\/well-grounded.org\/fr\/conseils-et-outils\/","url":"https:\/\/well-grounded.org\/fr\/conseils-et-outils\/","name":"Conseils et outils - Well Grounded","isPartOf":{"@id":"https:\/\/well-grounded.org\/fr\/#website"},"datePublished":"2022-04-05T15:20:14+00:00","dateModified":"2022-04-05T15:20:28+00:00","breadcrumb":{"@id":"https:\/\/well-grounded.org\/fr\/conseils-et-outils\/#breadcrumb"},"inLanguage":"fr-FR","potentialAction":[{"@type":"ReadAction","target":["https:\/\/well-grounded.org\/fr\/conseils-et-outils\/"]}]},{"@type":"BreadcrumbList","@id":"https:\/\/well-grounded.org\/fr\/conseils-et-outils\/#breadcrumb","itemListElement":[{"@type":"ListItem","position":1,"name":"Home","item":"https:\/\/well-grounded.org\/fr\/"},{"@type":"ListItem","position":2,"name":"Conseils et outils"}]},{"@type":"WebSite","@id":"https:\/\/well-grounded.org\/fr\/#website","url":"https:\/\/well-grounded.org\/fr\/","name":"Well Grounded","description":"Empowering Civil Society","publisher":{"@id":"https:\/\/well-grounded.org\/fr\/#organization"},"potentialAction":[{"@type":"SearchAction","target":{"@type":"EntryPoint","urlTemplate":"https:\/\/well-grounded.org\/fr\/?s={search_term_string}"},"query-input":{"@type":"PropertyValueSpecification","valueRequired":true,"valueName":"search_term_string"}}],"inLanguage":"fr-FR"},{"@type":"Organization","@id":"https:\/\/well-grounded.org\/fr\/#organization","name":"Well Grounded","url":"https:\/\/well-grounded.org\/fr\/","logo":{"@type":"ImageObject","inLanguage":"fr-FR","@id":"https:\/\/well-grounded.org\/fr\/#\/schema\/logo\/image\/","url":"https:\/\/well-grounded.org\/wp-content\/uploads\/2022\/07\/Well-Grounded-Logo-with-tagline-no-Map.jpg","contentUrl":"https:\/\/well-grounded.org\/wp-content\/uploads\/2022\/07\/Well-Grounded-Logo-with-tagline-no-Map.jpg","width":1195,"height":809,"caption":"Well Grounded"},"image":{"@id":"https:\/\/well-grounded.org\/fr\/#\/schema\/logo\/image\/"}}]}},"jetpack_sharing_enabled":true,"_links":{"self":[{"href":"https:\/\/well-grounded.org\/fr\/wp-json\/wp\/v2\/pages\/5522","targetHints":{"allow":["GET"]}}],"collection":[{"href":"https:\/\/well-grounded.org\/fr\/wp-json\/wp\/v2\/pages"}],"about":[{"href":"https:\/\/well-grounded.org\/fr\/wp-json\/wp\/v2\/types\/page"}],"author":[{"embeddable":true,"href":"https:\/\/well-grounded.org\/fr\/wp-json\/wp\/v2\/users\/1"}],"replies":[{"embeddable":true,"href":"https:\/\/well-grounded.org\/fr\/wp-json\/wp\/v2\/comments?post=5522"}],"version-history":[{"count":0,"href":"https:\/\/well-grounded.org\/fr\/wp-json\/wp\/v2\/pages\/5522\/revisions"}],"wp:attachment":[{"href":"https:\/\/well-grounded.org\/fr\/wp-json\/wp\/v2\/media?parent=5522"}],"curies":[{"name":"wp","href":"https:\/\/api.w.org\/{rel}","templated":true}]}}