{"id":5495,"date":"2022-04-05T15:20:08","date_gmt":"2022-04-05T15:20:08","guid":{"rendered":"https:\/\/well-grounded.org\/ressources-de-developpement-du-leadership\/"},"modified":"2022-04-05T15:20:28","modified_gmt":"2022-04-05T15:20:28","slug":"ressources-de-developpement-du-leadership","status":"publish","type":"page","link":"https:\/\/well-grounded.org\/fr\/ressources-de-developpement-du-leadership\/","title":{"rendered":"Ressources de d\u00e9veloppement du leadership"},"content":{"rendered":"<div class=\"fusion-fullwidth fullwidth-box fusion-builder-row-1 fusion-flex-container nonhundred-percent-fullwidth non-hundred-percent-height-scrolling\" style=\"--awb-background-position:left top;--awb-border-sizes-top:0px;--awb-border-sizes-bottom:0px;--awb-border-sizes-left:0px;--awb-border-sizes-right:0px;--awb-border-radius-top-left:0px;--awb-border-radius-top-right:0px;--awb-border-radius-bottom-right:0px;--awb-border-radius-bottom-left:0px;--awb-flex-wrap:wrap;\" ><div class=\"fusion-builder-row fusion-row fusion-flex-align-items-flex-start fusion-flex-content-wrap\" style=\"max-width:1331.2px;margin-left: calc(-4% \/ 2 );margin-right: calc(-4% \/ 2 );\"><div class=\"fusion-layout-column fusion_builder_column fusion-builder-column-0 fusion_builder_column_1_4 1_4 fusion-flex-column\" style=\"--awb-bg-size:cover;--awb-width-large:25%;--awb-margin-top-large:10px;--awb-spacing-right-large:7.68%;--awb-margin-bottom-large:30px;--awb-spacing-left-large:7.68%;--awb-width-medium:100%;--awb-spacing-right-medium:1.92%;--awb-spacing-left-medium:1.92%;--awb-width-small:100%;--awb-spacing-right-small:1.92%;--awb-spacing-left-small:1.92%;\"><div class=\"fusion-column-wrapper fusion-flex-justify-content-flex-start fusion-content-layout-column\"><div class=\"fusion-image-element \" style=\"--awb-caption-title-font-family:var(--h2_typography-font-family);--awb-caption-title-font-weight:var(--h2_typography-font-weight);--awb-caption-title-font-style:var(--h2_typography-font-style);--awb-caption-title-size:var(--h2_typography-font-size);--awb-caption-title-transform:var(--h2_typography-text-transform);--awb-caption-title-line-height:var(--h2_typography-line-height);--awb-caption-title-letter-spacing:var(--h2_typography-letter-spacing);\"><span class=\" fusion-imageframe imageframe-dropshadow imageframe-1 hover-type-none\" style=\"-webkit-box-shadow: 3px 3px 7px rgba(51,60,78,0.3);box-shadow: 3px 3px 7px rgba(51,60,78,0.3);\"><a class=\"fusion-no-lightbox\" href=\"https:\/\/well-grounded.org\/wp-content\/uploads\/2021\/11\/Leadership-Discussion-Paper-Eng_FINAL.pdf\" target=\"_blank\" aria-label=\"Well Grounded Leadership-Discussion-Paper-Eng_FINAL-1\" rel=\"noopener noreferrer\"><img data-recalc-dims=\"1\" decoding=\"async\" width=\"595\" height=\"842\" src=\"https:\/\/i0.wp.com\/well-grounded.org\/wp-content\/uploads\/2021\/11\/Well-Grounded-Leadership-Discussion-Paper-Eng_FINAL-1.png?resize=595%2C842&#038;ssl=1\" alt class=\"img-responsive wp-image-3259\" srcset=\"https:\/\/i0.wp.com\/well-grounded.org\/wp-content\/uploads\/2021\/11\/Well-Grounded-Leadership-Discussion-Paper-Eng_FINAL-1.png?resize=200%2C283&amp;ssl=1 200w, https:\/\/i0.wp.com\/well-grounded.org\/wp-content\/uploads\/2021\/11\/Well-Grounded-Leadership-Discussion-Paper-Eng_FINAL-1.png?resize=212%2C300&amp;ssl=1 212w, https:\/\/i0.wp.com\/well-grounded.org\/wp-content\/uploads\/2021\/11\/Well-Grounded-Leadership-Discussion-Paper-Eng_FINAL-1.png?resize=400%2C566&amp;ssl=1 400w, https:\/\/i0.wp.com\/well-grounded.org\/wp-content\/uploads\/2021\/11\/Well-Grounded-Leadership-Discussion-Paper-Eng_FINAL-1.png?w=595&amp;ssl=1 595w\" sizes=\"(max-width: 1024px) 100vw, (max-width: 640px) 100vw, 400px\" \/><\/a><\/span><\/div><div class=\"fusion-text fusion-text-1\" style=\"--awb-text-transform:none;--awb-margin-top:20px;\"><div class=\"kc-elm kc-css-25639 kc_text_block\">\n<p><strong>S\u00e9rie de discussions \u2013 Num\u00e9ro 1 : Le d\u00e9fi du leadership dans les OSC du Bassin du Congo<\/strong><\/p>\n<p>Ce document de discussion souligne l&rsquo;importance du leadership dans les OSC du Bassin du Congo. Il s&rsquo;inspire des exp\u00e9riences du programme de d\u00e9veloppement du leadership de Well Grounded, qui soutient les dirigeants, les gestionnaires et le personnel des OSC travaillant dans le domaine des ressources naturelles ou des droits communautaires au Cameroun, en R\u00e9publique du Congo et en R\u00e9publique d\u00e9mocratique du Congo.<\/p>\n<\/div>\n<\/div><\/div><\/div><div class=\"fusion-layout-column fusion_builder_column fusion-builder-column-1 fusion_builder_column_1_4 1_4 fusion-flex-column\" style=\"--awb-bg-size:cover;--awb-width-large:25%;--awb-margin-top-large:10px;--awb-spacing-right-large:7.68%;--awb-margin-bottom-large:30px;--awb-spacing-left-large:7.68%;--awb-width-medium:100%;--awb-spacing-right-medium:1.92%;--awb-spacing-left-medium:1.92%;--awb-width-small:100%;--awb-spacing-right-small:1.92%;--awb-spacing-left-small:1.92%;\"><div class=\"fusion-column-wrapper fusion-flex-justify-content-flex-start fusion-content-layout-column\"><div class=\"fusion-image-element \" style=\"--awb-caption-title-font-family:var(--h2_typography-font-family);--awb-caption-title-font-weight:var(--h2_typography-font-weight);--awb-caption-title-font-style:var(--h2_typography-font-style);--awb-caption-title-size:var(--h2_typography-font-size);--awb-caption-title-transform:var(--h2_typography-text-transform);--awb-caption-title-line-height:var(--h2_typography-line-height);--awb-caption-title-letter-spacing:var(--h2_typography-letter-spacing);\"><span class=\" fusion-imageframe imageframe-dropshadow imageframe-2 hover-type-none\" style=\"-webkit-box-shadow: 3px 3px 7px rgba(51,60,78,0.3);box-shadow: 3px 3px 7px rgba(51,60,78,0.3);\"><a class=\"fusion-no-lightbox\" href=\"https:\/\/well-grounded.org\/wp-content\/uploads\/2021\/11\/nairobi_peer_learning_event_highlights_final_en_0.pdf\" target=\"_blank\" aria-label=\"Well Grounded nairobi_peer_learning_event_highlights_final_en_0-1\" rel=\"noopener noreferrer\"><img data-recalc-dims=\"1\" decoding=\"async\" width=\"1280\" height=\"1656\" src=\"https:\/\/i0.wp.com\/well-grounded.org\/wp-content\/uploads\/2021\/11\/Well-Grounded-nairobi_peer_learning_event_highlights_final_en_0-1.png?resize=1280%2C1656&#038;ssl=1\" alt class=\"img-responsive wp-image-3269\" srcset=\"https:\/\/i0.wp.com\/well-grounded.org\/wp-content\/uploads\/2021\/11\/Well-Grounded-nairobi_peer_learning_event_highlights_final_en_0-1.png?resize=200%2C259&amp;ssl=1 200w, https:\/\/i0.wp.com\/well-grounded.org\/wp-content\/uploads\/2021\/11\/Well-Grounded-nairobi_peer_learning_event_highlights_final_en_0-1.png?resize=232%2C300&amp;ssl=1 232w, https:\/\/i0.wp.com\/well-grounded.org\/wp-content\/uploads\/2021\/11\/Well-Grounded-nairobi_peer_learning_event_highlights_final_en_0-1.png?resize=400%2C518&amp;ssl=1 400w, https:\/\/i0.wp.com\/well-grounded.org\/wp-content\/uploads\/2021\/11\/Well-Grounded-nairobi_peer_learning_event_highlights_final_en_0-1.png?resize=600%2C776&amp;ssl=1 600w, https:\/\/i0.wp.com\/well-grounded.org\/wp-content\/uploads\/2021\/11\/Well-Grounded-nairobi_peer_learning_event_highlights_final_en_0-1.png?resize=768%2C994&amp;ssl=1 768w, https:\/\/i0.wp.com\/well-grounded.org\/wp-content\/uploads\/2021\/11\/Well-Grounded-nairobi_peer_learning_event_highlights_final_en_0-1.png?resize=791%2C1024&amp;ssl=1 791w, https:\/\/i0.wp.com\/well-grounded.org\/wp-content\/uploads\/2021\/11\/Well-Grounded-nairobi_peer_learning_event_highlights_final_en_0-1.png?resize=800%2C1035&amp;ssl=1 800w, https:\/\/i0.wp.com\/well-grounded.org\/wp-content\/uploads\/2021\/11\/Well-Grounded-nairobi_peer_learning_event_highlights_final_en_0-1.png?resize=1187%2C1536&amp;ssl=1 1187w, https:\/\/i0.wp.com\/well-grounded.org\/wp-content\/uploads\/2021\/11\/Well-Grounded-nairobi_peer_learning_event_highlights_final_en_0-1.png?resize=1200%2C1553&amp;ssl=1 1200w, https:\/\/i0.wp.com\/well-grounded.org\/wp-content\/uploads\/2021\/11\/Well-Grounded-nairobi_peer_learning_event_highlights_final_en_0-1.png?resize=1583%2C2048&amp;ssl=1 1583w, https:\/\/i0.wp.com\/well-grounded.org\/wp-content\/uploads\/2021\/11\/Well-Grounded-nairobi_peer_learning_event_highlights_final_en_0-1.png?w=2550&amp;ssl=1 2550w\" sizes=\"(max-width: 1024px) 100vw, (max-width: 640px) 100vw, 400px\" \/><\/a><\/span><\/div><div class=\"fusion-text fusion-text-2\" style=\"--awb-text-transform:none;--awb-margin-top:20px;\"><div class=\"kc-elm kc-css-25639 kc_text_block\">\n<p><strong>Faits saillants de l&rsquo;\u00e9v\u00e9nement d&rsquo;apprentissage par les pairs de Nairobi<\/strong><\/p>\n<p>En juillet 2015, Well Grounded et Maliasili Initiatives ont r\u00e9uni un petit groupe de repr\u00e9sentants d&rsquo;organisations de la soci\u00e9t\u00e9 civile (OSC) travaillant sur les questions de conservation et de gestion des ressources naturelles au Kenya, en Tanzanie et en R\u00e9publique d\u00e9mocratique du Congo. L&rsquo;objectif de l&rsquo;\u00e9v\u00e9nement d&rsquo;une journ\u00e9e \u00e9tait de partager des exp\u00e9riences et des id\u00e9es entre les organisations concernant le d\u00e9veloppement de strat\u00e9gies, la planification d&rsquo;entreprise et l&rsquo;incorporation de nouveaux mod\u00e8les de financement plus durables. Ce rapport met en \u00e9vidence certains des points et th\u00e8mes cl\u00e9s qui ont \u00e9merg\u00e9 de l&rsquo;\u00e9v\u00e9nement d&rsquo;apprentissage.<\/p>\n<\/div>\n<\/div><\/div><\/div><div class=\"fusion-layout-column fusion_builder_column fusion-builder-column-2 fusion_builder_column_1_4 1_4 fusion-flex-column\" style=\"--awb-bg-size:cover;--awb-width-large:25%;--awb-margin-top-large:10px;--awb-spacing-right-large:7.68%;--awb-margin-bottom-large:30px;--awb-spacing-left-large:7.68%;--awb-width-medium:100%;--awb-spacing-right-medium:1.92%;--awb-spacing-left-medium:1.92%;--awb-width-small:100%;--awb-spacing-right-small:1.92%;--awb-spacing-left-small:1.92%;\"><div class=\"fusion-column-wrapper fusion-flex-justify-content-flex-start fusion-content-layout-column\"><div class=\"fusion-image-element \" style=\"--awb-caption-title-font-family:var(--h2_typography-font-family);--awb-caption-title-font-weight:var(--h2_typography-font-weight);--awb-caption-title-font-style:var(--h2_typography-font-style);--awb-caption-title-size:var(--h2_typography-font-size);--awb-caption-title-transform:var(--h2_typography-text-transform);--awb-caption-title-line-height:var(--h2_typography-line-height);--awb-caption-title-letter-spacing:var(--h2_typography-letter-spacing);\"><span class=\" fusion-imageframe imageframe-dropshadow imageframe-3 hover-type-none\" style=\"-webkit-box-shadow: 3px 3px 7px rgba(51,60,78,0.3);box-shadow: 3px 3px 7px rgba(51,60,78,0.3);\"><a class=\"fusion-no-lightbox\" href=\"https:\/\/well-grounded.org\/wp-content\/uploads\/2021\/11\/final_report_strengthening-african-csos_improved_natural_resource_governance_conservation_english.pdf\" target=\"_blank\" aria-label=\"Well Grounded final_report_strengthening-african-csos_improved_natural_resource_governance_conservation_english-1\" rel=\"noopener noreferrer\"><img data-recalc-dims=\"1\" decoding=\"async\" width=\"1280\" height=\"1810\" src=\"https:\/\/i0.wp.com\/well-grounded.org\/wp-content\/uploads\/2021\/11\/Well-Grounded-final_report_strengthening-african-csos_improved_natural_resource_governance_conservation_english-1.png?resize=1280%2C1810&#038;ssl=1\" alt class=\"img-responsive wp-image-3267\" srcset=\"https:\/\/i0.wp.com\/well-grounded.org\/wp-content\/uploads\/2021\/11\/Well-Grounded-final_report_strengthening-african-csos_improved_natural_resource_governance_conservation_english-1.png?resize=200%2C283&amp;ssl=1 200w, https:\/\/i0.wp.com\/well-grounded.org\/wp-content\/uploads\/2021\/11\/Well-Grounded-final_report_strengthening-african-csos_improved_natural_resource_governance_conservation_english-1.png?resize=212%2C300&amp;ssl=1 212w, https:\/\/i0.wp.com\/well-grounded.org\/wp-content\/uploads\/2021\/11\/Well-Grounded-final_report_strengthening-african-csos_improved_natural_resource_governance_conservation_english-1.png?resize=400%2C566&amp;ssl=1 400w, https:\/\/i0.wp.com\/well-grounded.org\/wp-content\/uploads\/2021\/11\/Well-Grounded-final_report_strengthening-african-csos_improved_natural_resource_governance_conservation_english-1.png?resize=600%2C848&amp;ssl=1 600w, https:\/\/i0.wp.com\/well-grounded.org\/wp-content\/uploads\/2021\/11\/Well-Grounded-final_report_strengthening-african-csos_improved_natural_resource_governance_conservation_english-1.png?resize=724%2C1024&amp;ssl=1 724w, https:\/\/i0.wp.com\/well-grounded.org\/wp-content\/uploads\/2021\/11\/Well-Grounded-final_report_strengthening-african-csos_improved_natural_resource_governance_conservation_english-1.png?resize=768%2C1086&amp;ssl=1 768w, https:\/\/i0.wp.com\/well-grounded.org\/wp-content\/uploads\/2021\/11\/Well-Grounded-final_report_strengthening-african-csos_improved_natural_resource_governance_conservation_english-1.png?resize=800%2C1131&amp;ssl=1 800w, https:\/\/i0.wp.com\/well-grounded.org\/wp-content\/uploads\/2021\/11\/Well-Grounded-final_report_strengthening-african-csos_improved_natural_resource_governance_conservation_english-1.png?resize=1086%2C1536&amp;ssl=1 1086w, https:\/\/i0.wp.com\/well-grounded.org\/wp-content\/uploads\/2021\/11\/Well-Grounded-final_report_strengthening-african-csos_improved_natural_resource_governance_conservation_english-1.png?resize=1200%2C1697&amp;ssl=1 1200w, https:\/\/i0.wp.com\/well-grounded.org\/wp-content\/uploads\/2021\/11\/Well-Grounded-final_report_strengthening-african-csos_improved_natural_resource_governance_conservation_english-1.png?resize=1448%2C2048&amp;ssl=1 1448w, https:\/\/i0.wp.com\/well-grounded.org\/wp-content\/uploads\/2021\/11\/Well-Grounded-final_report_strengthening-african-csos_improved_natural_resource_governance_conservation_english-1.png?w=2480&amp;ssl=1 2480w\" sizes=\"(max-width: 1024px) 100vw, (max-width: 640px) 100vw, 400px\" \/><\/a><\/span><\/div><div class=\"fusion-text fusion-text-3\" style=\"--awb-text-transform:none;--awb-margin-top:20px;\"><div class=\"kc-elm kc-css-25639 kc_text_block\">\n<p><strong>Renforcement des OSC africaines pour une meilleure gouvernance et conservation des ressources naturelles<\/strong><\/p>\n<p>Ce rapport, co-\u00e9crit par Well Grounded et Maliasili Initiatives, explore les principaux d\u00e9fis et probl\u00e8mes organisationnels auxquels sont confront\u00e9es les organisations de la soci\u00e9t\u00e9 civile (OSC) africaines travaillant dans les domaines des ressources naturelles et de la conservation, ainsi que les pratiques et tendances actuelles en mati\u00e8re de financement et de soutien des capacit\u00e9s externes. .<\/p>\n<p>Une courte vid\u00e9o d\u00e9crivant les principales conclusions et recommandations du rapport de recherche peut \u00eatre visionn\u00e9e ici<\/p>\n<\/div>\n<\/div><\/div><\/div><div class=\"fusion-layout-column fusion_builder_column fusion-builder-column-3 fusion_builder_column_1_4 1_4 fusion-flex-column\" style=\"--awb-bg-size:cover;--awb-width-large:25%;--awb-margin-top-large:10px;--awb-spacing-right-large:7.68%;--awb-margin-bottom-large:30px;--awb-spacing-left-large:7.68%;--awb-width-medium:100%;--awb-spacing-right-medium:1.92%;--awb-spacing-left-medium:1.92%;--awb-width-small:100%;--awb-spacing-right-small:1.92%;--awb-spacing-left-small:1.92%;\"><div class=\"fusion-column-wrapper fusion-flex-justify-content-flex-start fusion-content-layout-column\"><div class=\"fusion-image-element \" style=\"--awb-caption-title-font-family:var(--h2_typography-font-family);--awb-caption-title-font-weight:var(--h2_typography-font-weight);--awb-caption-title-font-style:var(--h2_typography-font-style);--awb-caption-title-size:var(--h2_typography-font-size);--awb-caption-title-transform:var(--h2_typography-text-transform);--awb-caption-title-line-height:var(--h2_typography-line-height);--awb-caption-title-letter-spacing:var(--h2_typography-letter-spacing);\"><span class=\" fusion-imageframe imageframe-dropshadow imageframe-4 hover-type-none\" style=\"-webkit-box-shadow: 3px 3px 7px rgba(51,60,78,0.3);box-shadow: 3px 3px 7px rgba(51,60,78,0.3);\"><a class=\"fusion-no-lightbox\" href=\"https:\/\/i0.wp.com\/well-grounded.org\/wp-content\/uploads\/2021\/11\/Well-Grounded-_cameroon_study_online-1.png?ssl=1\" target=\"_blank\" aria-label=\"Well Grounded _cameroon_study_online-1\" rel=\"noopener noreferrer\"><img data-recalc-dims=\"1\" decoding=\"async\" width=\"595\" height=\"842\" src=\"https:\/\/i0.wp.com\/well-grounded.org\/wp-content\/uploads\/2021\/11\/Well-Grounded-_cameroon_study_online-1.png?resize=595%2C842&#038;ssl=1\" alt class=\"img-responsive wp-image-3245\" srcset=\"https:\/\/i0.wp.com\/well-grounded.org\/wp-content\/uploads\/2021\/11\/Well-Grounded-_cameroon_study_online-1.png?resize=200%2C283&amp;ssl=1 200w, https:\/\/i0.wp.com\/well-grounded.org\/wp-content\/uploads\/2021\/11\/Well-Grounded-_cameroon_study_online-1.png?resize=212%2C300&amp;ssl=1 212w, https:\/\/i0.wp.com\/well-grounded.org\/wp-content\/uploads\/2021\/11\/Well-Grounded-_cameroon_study_online-1.png?resize=400%2C566&amp;ssl=1 400w, https:\/\/i0.wp.com\/well-grounded.org\/wp-content\/uploads\/2021\/11\/Well-Grounded-_cameroon_study_online-1.png?w=595&amp;ssl=1 595w\" sizes=\"(max-width: 1024px) 100vw, (max-width: 640px) 100vw, 400px\" \/><\/a><\/span><\/div><div class=\"fusion-text fusion-text-4\" style=\"--awb-text-transform:none;--awb-margin-top:20px;\"><div class=\"kc-elm kc-css-25639 kc_text_block\">\n<p><strong>Etude sur les aspects du cadre l\u00e9gal qui affectent les OSC au Cameroun<\/strong><\/p>\n<p>Well Grounded a command\u00e9 cette \u00e9tude sur les aspects du cadre juridique qui affectent les OSC, apr\u00e8s avoir d\u00e9couvert \u00e0 travers nos interactions quotidiennes que de nombreuses organisations ignorent leurs obligations l\u00e9gales, qu&rsquo;il est difficile d&rsquo;obtenir des informations pertinentes et qu&rsquo;une grande partie des informations disponibles sont pr\u00e9sent\u00e9es dans une langue difficile \u00e0 comprendre. Pour rem\u00e9dier \u00e0 cela, nous avons demand\u00e9 \u00e0 des experts juridiques locaux de collecter et de rassembler toutes les informations dont les OSC ont besoin pour se conformer \u00e0 leur syst\u00e8me juridique national et de les traduire dans un langage accessible. (Veuillez noter que cette publication n&rsquo;est disponible qu&rsquo;en fran\u00e7ais).<\/p>\n<\/div>\n<\/div><\/div><\/div><div class=\"fusion-layout-column fusion_builder_column fusion-builder-column-4 fusion_builder_column_1_4 1_4 fusion-flex-column\" style=\"--awb-bg-size:cover;--awb-width-large:25%;--awb-margin-top-large:10px;--awb-spacing-right-large:7.68%;--awb-margin-bottom-large:30px;--awb-spacing-left-large:7.68%;--awb-width-medium:100%;--awb-spacing-right-medium:1.92%;--awb-spacing-left-medium:1.92%;--awb-width-small:100%;--awb-spacing-right-small:1.92%;--awb-spacing-left-small:1.92%;\"><div class=\"fusion-column-wrapper fusion-flex-justify-content-flex-start fusion-content-layout-column\"><div class=\"fusion-image-element \" style=\"--awb-caption-title-font-family:var(--h2_typography-font-family);--awb-caption-title-font-weight:var(--h2_typography-font-weight);--awb-caption-title-font-style:var(--h2_typography-font-style);--awb-caption-title-size:var(--h2_typography-font-size);--awb-caption-title-transform:var(--h2_typography-text-transform);--awb-caption-title-line-height:var(--h2_typography-line-height);--awb-caption-title-letter-spacing:var(--h2_typography-letter-spacing);\"><span class=\" fusion-imageframe imageframe-dropshadow imageframe-5 hover-type-none\" style=\"-webkit-box-shadow: 3px 3px 7px rgba(51,60,78,0.3);box-shadow: 3px 3px 7px rgba(51,60,78,0.3);\"><a class=\"fusion-no-lightbox\" href=\"https:\/\/well-grounded.org\/wp-content\/uploads\/2021\/11\/wg_drc_study_online.pdf\" target=\"_blank\" aria-label=\"Well Grounded _drc_study_online-1\" rel=\"noopener noreferrer\"><img data-recalc-dims=\"1\" decoding=\"async\" width=\"595\" height=\"842\" src=\"https:\/\/i0.wp.com\/well-grounded.org\/wp-content\/uploads\/2021\/11\/Well-Grounded-_drc_study_online-1.png?resize=595%2C842&#038;ssl=1\" alt class=\"img-responsive wp-image-3249\" srcset=\"https:\/\/i0.wp.com\/well-grounded.org\/wp-content\/uploads\/2021\/11\/Well-Grounded-_drc_study_online-1.png?resize=200%2C283&amp;ssl=1 200w, https:\/\/i0.wp.com\/well-grounded.org\/wp-content\/uploads\/2021\/11\/Well-Grounded-_drc_study_online-1.png?resize=212%2C300&amp;ssl=1 212w, https:\/\/i0.wp.com\/well-grounded.org\/wp-content\/uploads\/2021\/11\/Well-Grounded-_drc_study_online-1.png?resize=400%2C566&amp;ssl=1 400w, https:\/\/i0.wp.com\/well-grounded.org\/wp-content\/uploads\/2021\/11\/Well-Grounded-_drc_study_online-1.png?w=595&amp;ssl=1 595w\" sizes=\"(max-width: 1024px) 100vw, (max-width: 640px) 100vw, 400px\" \/><\/a><\/span><\/div><div class=\"fusion-text fusion-text-5\" style=\"--awb-text-transform:none;--awb-margin-top:20px;\"><div class=\"kc-elm kc-css-25639 kc_text_block\">\n<p><strong>Etude sur les aspects du cadre juridique qui affectent les OSC en RDC<\/strong><\/p>\n<p>Well Grounded a command\u00e9 cette \u00e9tude sur les aspects du cadre juridique qui affectent les OSC, apr\u00e8s avoir d\u00e9couvert \u00e0 travers nos interactions quotidiennes que de nombreuses organisations ignorent leurs obligations l\u00e9gales, qu&rsquo;il est difficile d&rsquo;obtenir des informations pertinentes et qu&rsquo;une grande partie des informations disponibles sont pr\u00e9sent\u00e9es dans une langue difficile \u00e0 comprendre. Pour rem\u00e9dier \u00e0 cela, nous avons demand\u00e9 \u00e0 des experts juridiques locaux de collecter et de rassembler toutes les informations dont les OSC ont besoin pour se conformer \u00e0 leur syst\u00e8me juridique national et de les traduire dans un langage accessible. (Veuillez noter que cette publication n&rsquo;est disponible qu&rsquo;en fran\u00e7ais).<\/p>\n<\/div>\n<\/div><\/div><\/div><\/div><\/div>\n","protected":false},"excerpt":{"rendered":"","protected":false},"author":1,"featured_media":0,"parent":0,"menu_order":0,"comment_status":"closed","ping_status":"closed","template":"","meta":{"footnotes":""},"class_list":["post-5495","page","type-page","status-publish","hentry"],"yoast_head":"<!-- This site is optimized with the Yoast SEO plugin v27.4 - https:\/\/yoast.com\/product\/yoast-seo-wordpress\/ -->\n<title>Ressources de d\u00e9veloppement du leadership - Well Grounded<\/title>\n<meta name=\"robots\" content=\"index, follow, max-snippet:-1, max-image-preview:large, max-video-preview:-1\" \/>\n<link rel=\"canonical\" href=\"https:\/\/well-grounded.org\/fr\/ressources-de-developpement-du-leadership\/\" \/>\n<meta property=\"og:locale\" content=\"fr_FR\" \/>\n<meta property=\"og:type\" content=\"article\" \/>\n<meta property=\"og:title\" content=\"Ressources de d\u00e9veloppement du leadership - Well Grounded\" \/>\n<meta property=\"og:url\" content=\"https:\/\/well-grounded.org\/fr\/ressources-de-developpement-du-leadership\/\" \/>\n<meta property=\"og:site_name\" content=\"Well Grounded\" \/>\n<meta property=\"article:modified_time\" content=\"2022-04-05T15:20:28+00:00\" \/>\n<meta name=\"twitter:card\" content=\"summary_large_image\" \/>\n<meta name=\"twitter:label1\" content=\"Dur\u00e9e de lecture estim\u00e9e\" \/>\n\t<meta name=\"twitter:data1\" content=\"15 minutes\" \/>\n<!-- \/ Yoast SEO plugin. -->","yoast_head_json":{"title":"Ressources de d\u00e9veloppement du leadership - Well Grounded","robots":{"index":"index","follow":"follow","max-snippet":"max-snippet:-1","max-image-preview":"max-image-preview:large","max-video-preview":"max-video-preview:-1"},"canonical":"https:\/\/well-grounded.org\/fr\/ressources-de-developpement-du-leadership\/","og_locale":"fr_FR","og_type":"article","og_title":"Ressources de d\u00e9veloppement du leadership - Well Grounded","og_url":"https:\/\/well-grounded.org\/fr\/ressources-de-developpement-du-leadership\/","og_site_name":"Well Grounded","article_modified_time":"2022-04-05T15:20:28+00:00","twitter_card":"summary_large_image","twitter_misc":{"Dur\u00e9e de lecture estim\u00e9e":"15 minutes"},"schema":{"@context":"https:\/\/schema.org","@graph":[{"@type":"WebPage","@id":"https:\/\/well-grounded.org\/fr\/ressources-de-developpement-du-leadership\/","url":"https:\/\/well-grounded.org\/fr\/ressources-de-developpement-du-leadership\/","name":"Ressources de d\u00e9veloppement du leadership - Well Grounded","isPartOf":{"@id":"https:\/\/well-grounded.org\/fr\/#website"},"datePublished":"2022-04-05T15:20:08+00:00","dateModified":"2022-04-05T15:20:28+00:00","breadcrumb":{"@id":"https:\/\/well-grounded.org\/fr\/ressources-de-developpement-du-leadership\/#breadcrumb"},"inLanguage":"fr-FR","potentialAction":[{"@type":"ReadAction","target":["https:\/\/well-grounded.org\/fr\/ressources-de-developpement-du-leadership\/"]}]},{"@type":"BreadcrumbList","@id":"https:\/\/well-grounded.org\/fr\/ressources-de-developpement-du-leadership\/#breadcrumb","itemListElement":[{"@type":"ListItem","position":1,"name":"Home","item":"https:\/\/well-grounded.org\/fr\/"},{"@type":"ListItem","position":2,"name":"Ressources de d\u00e9veloppement du leadership"}]},{"@type":"WebSite","@id":"https:\/\/well-grounded.org\/fr\/#website","url":"https:\/\/well-grounded.org\/fr\/","name":"Well Grounded","description":"Empowering Civil Society","publisher":{"@id":"https:\/\/well-grounded.org\/fr\/#organization"},"potentialAction":[{"@type":"SearchAction","target":{"@type":"EntryPoint","urlTemplate":"https:\/\/well-grounded.org\/fr\/?s={search_term_string}"},"query-input":{"@type":"PropertyValueSpecification","valueRequired":true,"valueName":"search_term_string"}}],"inLanguage":"fr-FR"},{"@type":"Organization","@id":"https:\/\/well-grounded.org\/fr\/#organization","name":"Well Grounded","url":"https:\/\/well-grounded.org\/fr\/","logo":{"@type":"ImageObject","inLanguage":"fr-FR","@id":"https:\/\/well-grounded.org\/fr\/#\/schema\/logo\/image\/","url":"https:\/\/well-grounded.org\/wp-content\/uploads\/2022\/07\/Well-Grounded-Logo-with-tagline-no-Map.jpg","contentUrl":"https:\/\/well-grounded.org\/wp-content\/uploads\/2022\/07\/Well-Grounded-Logo-with-tagline-no-Map.jpg","width":1195,"height":809,"caption":"Well Grounded"},"image":{"@id":"https:\/\/well-grounded.org\/fr\/#\/schema\/logo\/image\/"}}]}},"jetpack_sharing_enabled":true,"_links":{"self":[{"href":"https:\/\/well-grounded.org\/fr\/wp-json\/wp\/v2\/pages\/5495","targetHints":{"allow":["GET"]}}],"collection":[{"href":"https:\/\/well-grounded.org\/fr\/wp-json\/wp\/v2\/pages"}],"about":[{"href":"https:\/\/well-grounded.org\/fr\/wp-json\/wp\/v2\/types\/page"}],"author":[{"embeddable":true,"href":"https:\/\/well-grounded.org\/fr\/wp-json\/wp\/v2\/users\/1"}],"replies":[{"embeddable":true,"href":"https:\/\/well-grounded.org\/fr\/wp-json\/wp\/v2\/comments?post=5495"}],"version-history":[{"count":0,"href":"https:\/\/well-grounded.org\/fr\/wp-json\/wp\/v2\/pages\/5495\/revisions"}],"wp:attachment":[{"href":"https:\/\/well-grounded.org\/fr\/wp-json\/wp\/v2\/media?parent=5495"}],"curies":[{"name":"wp","href":"https:\/\/api.w.org\/{rel}","templated":true}]}}