{"id":3389,"date":"2021-11-26T01:19:26","date_gmt":"2021-11-26T01:19:26","guid":{"rendered":"https:\/\/well-grounded.org\/vision-et-mission\/"},"modified":"2026-03-24T09:54:02","modified_gmt":"2026-03-24T09:54:02","slug":"vision-et-mission","status":"publish","type":"page","link":"https:\/\/well-grounded.org\/fr\/vision-et-mission\/","title":{"rendered":"Vision et mission"},"content":{"rendered":"<p><div class=\"fusion-fullwidth fullwidth-box fusion-builder-row-1 fusion-flex-container nonhundred-percent-fullwidth non-hundred-percent-height-scrolling\" style=\"--awb-background-position:left top;--awb-border-sizes-top:0px;--awb-border-sizes-bottom:0px;--awb-border-sizes-left:0px;--awb-border-sizes-right:0px;--awb-border-radius-top-left:0px;--awb-border-radius-top-right:0px;--awb-border-radius-bottom-right:0px;--awb-border-radius-bottom-left:0px;--awb-padding-top:50px;--awb-padding-bottom:20px;--awb-flex-wrap:wrap;\" ><div class=\"fusion-builder-row fusion-row fusion-flex-align-items-flex-start fusion-flex-content-wrap\" style=\"max-width:1331.2px;margin-left: calc(-4% \/ 2 );margin-right: calc(-4% \/ 2 );\"><div class=\"fusion-layout-column fusion_builder_column fusion-builder-column-0 fusion_builder_column_1_2 1_2 fusion-flex-column\" style=\"--awb-bg-size:cover;--awb-width-large:50%;--awb-margin-top-large:10px;--awb-spacing-right-large:3.84%;--awb-margin-bottom-large:30px;--awb-spacing-left-large:3.84%;--awb-width-medium:100%;--awb-spacing-right-medium:1.92%;--awb-spacing-left-medium:1.92%;--awb-width-small:100%;--awb-spacing-right-small:1.92%;--awb-spacing-left-small:1.92%;\"><div class=\"fusion-column-wrapper fusion-flex-justify-content-flex-start fusion-content-layout-column\"><div class=\"fusion-image-element \" style=\"--awb-caption-title-font-family:var(--h2_typography-font-family);--awb-caption-title-font-weight:var(--h2_typography-font-weight);--awb-caption-title-font-style:var(--h2_typography-font-style);--awb-caption-title-size:var(--h2_typography-font-size);--awb-caption-title-transform:var(--h2_typography-text-transform);--awb-caption-title-line-height:var(--h2_typography-line-height);--awb-caption-title-letter-spacing:var(--h2_typography-letter-spacing);\"><span class=\" fusion-imageframe imageframe-none imageframe-1 hover-type-none\"><img data-recalc-dims=\"1\" decoding=\"async\" width=\"800\" height=\"530\" title=\"Beautiful,Hidden,Ekom,Waterfall,Deep,In,The,Tropical,Rain,Forest\" src=\"https:\/\/i0.wp.com\/well-grounded.org\/wp-content\/uploads\/2022\/01\/Well-Grounded-Our-Vision.jpg?resize=800%2C530&#038;ssl=1\" alt class=\"img-responsive wp-image-3995\" srcset=\"https:\/\/i0.wp.com\/well-grounded.org\/wp-content\/uploads\/2022\/01\/Well-Grounded-Our-Vision.jpg?resize=200%2C133&amp;ssl=1 200w, https:\/\/i0.wp.com\/well-grounded.org\/wp-content\/uploads\/2022\/01\/Well-Grounded-Our-Vision.jpg?resize=300%2C199&amp;ssl=1 300w, https:\/\/i0.wp.com\/well-grounded.org\/wp-content\/uploads\/2022\/01\/Well-Grounded-Our-Vision.jpg?resize=400%2C265&amp;ssl=1 400w, https:\/\/i0.wp.com\/well-grounded.org\/wp-content\/uploads\/2022\/01\/Well-Grounded-Our-Vision.jpg?resize=600%2C398&amp;ssl=1 600w, https:\/\/i0.wp.com\/well-grounded.org\/wp-content\/uploads\/2022\/01\/Well-Grounded-Our-Vision.jpg?resize=768%2C509&amp;ssl=1 768w, https:\/\/i0.wp.com\/well-grounded.org\/wp-content\/uploads\/2022\/01\/Well-Grounded-Our-Vision.jpg?w=800&amp;ssl=1 800w\" sizes=\"(max-width: 1024px) 100vw, (max-width: 640px) 100vw, 800px\" \/><\/span><\/div><div class=\"fusion-text fusion-text-1\" style=\"--awb-text-transform:none;\"><h2 style=\"text-align: center;\"><span style=\"color: #000000;\">Notre vision<\/span><\/h2>\n<p style=\"font-size: 24px; line-height: 36px; text-align: center;\">Nous aidons les organisations africaines \u00e0 se renforcer afin qu&rsquo;elles puissent avoir un impact durable sur les for\u00eats et les communaut\u00e9s.<\/p>\n<\/div><\/div><\/div><div class=\"fusion-layout-column fusion_builder_column fusion-builder-column-1 fusion_builder_column_1_2 1_2 fusion-flex-column\" style=\"--awb-bg-size:cover;--awb-width-large:50%;--awb-margin-top-large:10px;--awb-spacing-right-large:3.84%;--awb-margin-bottom-large:30px;--awb-spacing-left-large:3.84%;--awb-width-medium:100%;--awb-spacing-right-medium:1.92%;--awb-spacing-left-medium:1.92%;--awb-width-small:100%;--awb-spacing-right-small:1.92%;--awb-spacing-left-small:1.92%;\"><div class=\"fusion-column-wrapper fusion-flex-justify-content-flex-start fusion-content-layout-column\"><div class=\"fusion-image-element \" style=\"--awb-caption-title-font-family:var(--h2_typography-font-family);--awb-caption-title-font-weight:var(--h2_typography-font-weight);--awb-caption-title-font-style:var(--h2_typography-font-style);--awb-caption-title-size:var(--h2_typography-font-size);--awb-caption-title-transform:var(--h2_typography-text-transform);--awb-caption-title-line-height:var(--h2_typography-line-height);--awb-caption-title-letter-spacing:var(--h2_typography-letter-spacing);\"><span class=\" fusion-imageframe imageframe-none imageframe-2 hover-type-none\"><img data-recalc-dims=\"1\" decoding=\"async\" width=\"800\" height=\"530\" title=\"Beautiful,Hidden,Ekom,Waterfall,Deep,In,The,Tropical,Rain,Forest\" src=\"https:\/\/i0.wp.com\/well-grounded.org\/wp-content\/uploads\/2022\/01\/Well-Grounded-Our-mission.jpg?resize=800%2C530&#038;ssl=1\" alt class=\"img-responsive wp-image-3993\" srcset=\"https:\/\/i0.wp.com\/well-grounded.org\/wp-content\/uploads\/2022\/01\/Well-Grounded-Our-mission.jpg?resize=200%2C133&amp;ssl=1 200w, https:\/\/i0.wp.com\/well-grounded.org\/wp-content\/uploads\/2022\/01\/Well-Grounded-Our-mission.jpg?resize=300%2C199&amp;ssl=1 300w, https:\/\/i0.wp.com\/well-grounded.org\/wp-content\/uploads\/2022\/01\/Well-Grounded-Our-mission.jpg?resize=400%2C265&amp;ssl=1 400w, https:\/\/i0.wp.com\/well-grounded.org\/wp-content\/uploads\/2022\/01\/Well-Grounded-Our-mission.jpg?resize=600%2C398&amp;ssl=1 600w, https:\/\/i0.wp.com\/well-grounded.org\/wp-content\/uploads\/2022\/01\/Well-Grounded-Our-mission.jpg?resize=768%2C509&amp;ssl=1 768w, https:\/\/i0.wp.com\/well-grounded.org\/wp-content\/uploads\/2022\/01\/Well-Grounded-Our-mission.jpg?w=800&amp;ssl=1 800w\" sizes=\"(max-width: 1024px) 100vw, (max-width: 640px) 100vw, 800px\" \/><\/span><\/div><div class=\"fusion-text fusion-text-2\" style=\"--awb-text-transform:none;\"><h2 style=\"text-align: center;\"><span style=\"color: #000000;\">Notre mission<\/span><\/h2>\n<p style=\"font-size: 24px; line-height: 36px; text-align: center;\">Soutenir les OSC africaines pour acqu\u00e9rir le pouvoir et les comp\u00e9tences n\u00e9cessaires pour influencer positivement la gouvernance des ressources naturelles et donner aux communaut\u00e9s les moyens de d\u00e9terminer leur propre avenir.<\/p>\n<\/div><\/div><\/div><\/div><\/div><div class=\"fusion-fullwidth fullwidth-box fusion-builder-row-2 fusion-flex-container fusion-parallax-none nonhundred-percent-fullwidth non-hundred-percent-height-scrolling\" style=\"--awb-border-radius-top-left:0px;--awb-border-radius-top-right:0px;--awb-border-radius-bottom-right:0px;--awb-border-radius-bottom-left:0px;--awb-margin-top:50px;--awb-margin-bottom:20px;--awb-background-image:url(&quot;https:\/\/well-grounded.org\/wp-content\/uploads\/2022\/01\/Well-Grounded-Mission-Background.jpg&quot;);--awb-background-size:cover;--awb-flex-wrap:wrap;\" ><div class=\"fusion-builder-row fusion-row fusion-flex-align-items-flex-start fusion-flex-content-wrap\" style=\"max-width:1331.2px;margin-left: calc(-4% \/ 2 );margin-right: calc(-4% \/ 2 );\"><div class=\"fusion-layout-column fusion_builder_column fusion-builder-column-2 fusion_builder_column_1_1 1_1 fusion-flex-column\" style=\"--awb-bg-size:cover;--awb-width-large:100%;--awb-margin-top-large:10px;--awb-spacing-right-large:1.92%;--awb-margin-bottom-large:10px;--awb-spacing-left-large:1.92%;--awb-width-medium:100%;--awb-order-medium:0;--awb-spacing-right-medium:1.92%;--awb-spacing-left-medium:1.92%;--awb-width-small:100%;--awb-order-small:0;--awb-spacing-right-small:1.92%;--awb-spacing-left-small:1.92%;\"><div class=\"fusion-column-wrapper fusion-column-has-shadow fusion-flex-justify-content-flex-start fusion-content-layout-column\"><div class=\"fusion-text fusion-text-3 fusion-text-no-margin\" style=\"--awb-text-transform:none;--awb-margin-top:200px;--awb-margin-bottom:200px;\"><h3 style=\"text-align: center;\">Les organisations de la soci\u00e9t\u00e9 civile ont un r\u00f4le cl\u00e9 \u00e0 jouer pour mobiliser les communaut\u00e9s et influencer les pratiques et les politiques gouvernementales afin de cr\u00e9er un changement positif et durable dans la gouvernance des ressources naturelles.<\/h3>\n<\/div><\/div><\/div><\/div><\/div><div class=\"fusion-fullwidth fullwidth-box fusion-builder-row-3 fusion-flex-container nonhundred-percent-fullwidth non-hundred-percent-height-scrolling\" style=\"--awb-border-radius-top-left:0px;--awb-border-radius-top-right:0px;--awb-border-radius-bottom-right:0px;--awb-border-radius-bottom-left:0px;--awb-flex-wrap:wrap;\" ><div class=\"fusion-builder-row fusion-row fusion-flex-align-items-flex-start fusion-flex-content-wrap\" style=\"max-width:1331.2px;margin-left: calc(-4% \/ 2 );margin-right: calc(-4% \/ 2 );\"><div class=\"fusion-layout-column fusion_builder_column fusion-builder-column-3 fusion_builder_column_1_1 1_1 fusion-flex-column\" style=\"--awb-bg-size:cover;--awb-width-large:100%;--awb-margin-top-large:10px;--awb-spacing-right-large:1.92%;--awb-margin-bottom-large:10px;--awb-spacing-left-large:1.92%;--awb-width-medium:100%;--awb-order-medium:0;--awb-spacing-right-medium:1.92%;--awb-spacing-left-medium:1.92%;--awb-width-small:100%;--awb-order-small:0;--awb-spacing-right-small:1.92%;--awb-spacing-left-small:1.92%;\"><div class=\"fusion-column-wrapper fusion-column-has-shadow fusion-flex-justify-content-flex-start fusion-content-layout-column\"><div class=\"fusion-text fusion-text-4\" style=\"--awb-text-transform:none;\"><h2 style=\"text-align: center;\">T\u00e9moignages<\/h2>\n<\/div><div class=\"fusion-testimonials clean awb-speech-bubble-show fusion-testimonials-1\" style=\"--awb-textcolor:#7e8890;--awb-backgroundcolor:rgba(255,255,255,0);--awb-testimonial-border-style:solid;--awb-testimonial-border-color:var(--awb-color3);--awb-border-top-left-radius:0px;--awb-border-top-right-radius:0px;--awb-border-bottom-left-radius:0px;--awb-border-bottom-right-radius:0px;--testimonial-border-width-top:0px;--testimonial-border-width-right:0px;--testimonial-border-width-bottom:0px;--testimonial-border-width-left:0px;\" data-random=\"0\" data-speed=\"20000\"><div class=\"reviews\"><div class=\"review active-testimonial avatar-above no-avatar\"><blockquote class=\"testimonials-shortcode-blockquote\"><div class=\"awb-quote\"><div class=\"awb-quote-content\">\n<p>Mon premier d\u00e9fi a \u00e9t\u00e9 ma timidit\u00e9 et mon manque de confiance. Dans un second temps, j\u2019ai souhait\u00e9 travaill\u00e9 sur le fait que j\u2019\u00e9tais dispers\u00e9e dans ma fa\u00e7on de travailler. Cela me fatiguait beaucoup, car je faisais mille fois la m\u00eame chose sans aucun r\u00e9sultat notable. Je pensais que je pouvais tout faire par moi-m\u00eame et que les autres me ralentissaient. Toutefois, \u00e0 la suite du parcours de leadership avec Well Grounded, j\u2019ai d\u2019abord eu une vision claire de ce que je voulais faire et j\u2019ai \u00e9galement clarifi\u00e9 ma mission. A partir de l\u00e0, j\u2019ai su que je ne pouvais pas r\u00e9aliser cette vision seule, je devais travailler en \u00e9quipe. Je suis devenue une femme qui prend ses responsabilit\u00e9s, qui suit une direction avec d\u00e9termination afin de produire un changement positif. Je suis devenue une femme qui prend ses responsabilit\u00e9s, qui prend une direction avec d\u00e9termination afin de produire un changement positif. J\u2019ai compris qu\u2019il n\u2019existe pas de formule magique capable de changer le monde. Il suffit de croire en ce que l\u2019on fait, de s\u2019inspirer des autres leaders qui vous ont pr\u00e9c\u00e9d\u00e9, et surtout de travailler en symbiose avec ceux qui vous entourent.<\/p>\n<\/div><\/div><\/blockquote><div class=\"author\"><span class=\"company-name\"><strong>Marie BWAMI, RDC<\/strong><\/span><\/div><\/div><div class=\"review avatar-above no-avatar\"><blockquote class=\"testimonials-shortcode-blockquote\"><div class=\"awb-quote\"><div class=\"awb-quote-content\">\n<p>Nous mettons de l&rsquo;eau dans notre vin au CFLEDD du Kongo central. Pour nous, il y a eu un leadership avant et apr\u00e8s pour nous. Avant nous avions une forte centralisation des responsabilit\u00e9s autour du point focal. Apr\u00e8s l\u2019atelier sur le leadership, nous avons r\u00e9ussi \u00e0 mieux structurer notre branche, nous avons un meilleur dialogue entre nous et nous attirons les gens vers nous. Il y a un meilleur partage des informations et des responsabilit\u00e9s par le point focal, elle r\u00e9partit les t\u00e2ches selon ce qui a \u00e9t\u00e9 d\u00e9cid\u00e9 collectivement. Parler franchement fait la diff\u00e9rence, nous pratiquons l\u2019\u00e9coute et la r\u00e9troaction. Nous avons r\u00e9ussi \u00e0 cr\u00e9er un climat serein o\u00f9 chacun peut s&rsquo;exprimer. Il n&rsquo;y a pas de conflits car tout le monde est impliqu\u00e9.<\/p>\n<\/div><\/div><\/blockquote><div class=\"author\"><span class=\"company-name\"><strong>Souzy Luzolo, RDC<\/strong><\/span><\/div><\/div><div class=\"review avatar-above no-avatar\"><blockquote class=\"testimonials-shortcode-blockquote\"><div class=\"awb-quote\"><div class=\"awb-quote-content\">\n<p>J\u2019ai toujours voulu apprendre \u00e0 mieux g\u00e9rer, r\u00e9aliser quelque chose de grand mais je ne savais pas comment m\u2019y prendre. Ce programme de leadership m\u2019a permis de mieux me conna\u00eetre, de conna\u00eetre mon potentiel et de conna\u00eetre des atouts que je ne soup\u00e7onnais pas chez moi.<\/p>\n<\/div><\/div><\/blockquote><div class=\"author\"><span class=\"company-name\"><strong>Sandrine Nambessa, R\u00e9publique centrafricaine<\/strong><\/span><\/div><\/div><\/div><div class=\"testimonial-pagination\" id=\"fusion-testimonials-1\"><a href=\"#\" aria-label=\"Testimonial Pagination\"  class=\"activeSlide\"><\/a><a href=\"#\" aria-label=\"Testimonial Pagination\" ><\/a><a href=\"#\" aria-label=\"Testimonial Pagination\" ><\/a><\/div><\/div><\/div><\/div><\/div><\/div><\/p>\n","protected":false},"excerpt":{"rendered":"","protected":false},"author":1,"featured_media":0,"parent":0,"menu_order":0,"comment_status":"closed","ping_status":"closed","template":"100-width.php","meta":{"footnotes":""},"class_list":["post-3389","page","type-page","status-publish","hentry"],"yoast_head":"<!-- This site is optimized with the Yoast SEO plugin v27.4 - https:\/\/yoast.com\/product\/yoast-seo-wordpress\/ -->\n<title>Vision et mission - Well Grounded<\/title>\n<meta name=\"robots\" content=\"index, follow, max-snippet:-1, max-image-preview:large, max-video-preview:-1\" \/>\n<link rel=\"canonical\" href=\"https:\/\/well-grounded.org\/fr\/vision-et-mission\/\" \/>\n<meta property=\"og:locale\" content=\"fr_FR\" \/>\n<meta property=\"og:type\" content=\"article\" \/>\n<meta property=\"og:title\" content=\"Vision et mission - Well Grounded\" \/>\n<meta property=\"og:url\" content=\"https:\/\/well-grounded.org\/fr\/vision-et-mission\/\" \/>\n<meta property=\"og:site_name\" content=\"Well Grounded\" \/>\n<meta property=\"article:modified_time\" content=\"2026-03-24T09:54:02+00:00\" \/>\n<meta name=\"twitter:card\" content=\"summary_large_image\" \/>\n<meta name=\"twitter:label1\" content=\"Dur\u00e9e de lecture estim\u00e9e\" \/>\n\t<meta name=\"twitter:data1\" content=\"1 minute\" \/>\n<!-- \/ Yoast SEO plugin. -->","yoast_head_json":{"title":"Vision et mission - Well Grounded","robots":{"index":"index","follow":"follow","max-snippet":"max-snippet:-1","max-image-preview":"max-image-preview:large","max-video-preview":"max-video-preview:-1"},"canonical":"https:\/\/well-grounded.org\/fr\/vision-et-mission\/","og_locale":"fr_FR","og_type":"article","og_title":"Vision et mission - Well Grounded","og_url":"https:\/\/well-grounded.org\/fr\/vision-et-mission\/","og_site_name":"Well Grounded","article_modified_time":"2026-03-24T09:54:02+00:00","twitter_card":"summary_large_image","twitter_misc":{"Dur\u00e9e de lecture estim\u00e9e":"1 minute"},"schema":{"@context":"https:\/\/schema.org","@graph":[{"@type":"WebPage","@id":"https:\/\/well-grounded.org\/fr\/vision-et-mission\/","url":"https:\/\/well-grounded.org\/fr\/vision-et-mission\/","name":"Vision et mission - Well Grounded","isPartOf":{"@id":"https:\/\/well-grounded.org\/fr\/#website"},"datePublished":"2021-11-26T01:19:26+00:00","dateModified":"2026-03-24T09:54:02+00:00","breadcrumb":{"@id":"https:\/\/well-grounded.org\/fr\/vision-et-mission\/#breadcrumb"},"inLanguage":"fr-FR","potentialAction":[{"@type":"ReadAction","target":["https:\/\/well-grounded.org\/fr\/vision-et-mission\/"]}]},{"@type":"BreadcrumbList","@id":"https:\/\/well-grounded.org\/fr\/vision-et-mission\/#breadcrumb","itemListElement":[{"@type":"ListItem","position":1,"name":"Home","item":"https:\/\/well-grounded.org\/fr\/"},{"@type":"ListItem","position":2,"name":"Vision et mission"}]},{"@type":"WebSite","@id":"https:\/\/well-grounded.org\/fr\/#website","url":"https:\/\/well-grounded.org\/fr\/","name":"Well Grounded","description":"Empowering Civil Society","publisher":{"@id":"https:\/\/well-grounded.org\/fr\/#organization"},"potentialAction":[{"@type":"SearchAction","target":{"@type":"EntryPoint","urlTemplate":"https:\/\/well-grounded.org\/fr\/?s={search_term_string}"},"query-input":{"@type":"PropertyValueSpecification","valueRequired":true,"valueName":"search_term_string"}}],"inLanguage":"fr-FR"},{"@type":"Organization","@id":"https:\/\/well-grounded.org\/fr\/#organization","name":"Well Grounded","url":"https:\/\/well-grounded.org\/fr\/","logo":{"@type":"ImageObject","inLanguage":"fr-FR","@id":"https:\/\/well-grounded.org\/fr\/#\/schema\/logo\/image\/","url":"https:\/\/well-grounded.org\/wp-content\/uploads\/2022\/07\/Well-Grounded-Logo-with-tagline-no-Map.jpg","contentUrl":"https:\/\/well-grounded.org\/wp-content\/uploads\/2022\/07\/Well-Grounded-Logo-with-tagline-no-Map.jpg","width":1195,"height":809,"caption":"Well Grounded"},"image":{"@id":"https:\/\/well-grounded.org\/fr\/#\/schema\/logo\/image\/"}}]}},"jetpack_sharing_enabled":true,"_links":{"self":[{"href":"https:\/\/well-grounded.org\/fr\/wp-json\/wp\/v2\/pages\/3389","targetHints":{"allow":["GET"]}}],"collection":[{"href":"https:\/\/well-grounded.org\/fr\/wp-json\/wp\/v2\/pages"}],"about":[{"href":"https:\/\/well-grounded.org\/fr\/wp-json\/wp\/v2\/types\/page"}],"author":[{"embeddable":true,"href":"https:\/\/well-grounded.org\/fr\/wp-json\/wp\/v2\/users\/1"}],"replies":[{"embeddable":true,"href":"https:\/\/well-grounded.org\/fr\/wp-json\/wp\/v2\/comments?post=3389"}],"version-history":[{"count":0,"href":"https:\/\/well-grounded.org\/fr\/wp-json\/wp\/v2\/pages\/3389\/revisions"}],"wp:attachment":[{"href":"https:\/\/well-grounded.org\/fr\/wp-json\/wp\/v2\/media?parent=3389"}],"curies":[{"name":"wp","href":"https:\/\/api.w.org\/{rel}","templated":true}]}}