{"id":3365,"date":"2021-11-26T01:19:23","date_gmt":"2021-11-26T01:19:23","guid":{"rendered":"https:\/\/well-grounded.org\/etre-implique\/"},"modified":"2024-10-01T12:22:27","modified_gmt":"2024-10-01T12:22:27","slug":"rejoignez-nous","status":"publish","type":"page","link":"https:\/\/well-grounded.org\/fr\/rejoignez-nous\/","title":{"rendered":"Rejoignez-nous"},"content":{"rendered":"<div class=\"fusion-fullwidth fullwidth-box fusion-builder-row-1 fusion-flex-container nonhundred-percent-fullwidth non-hundred-percent-height-scrolling\" style=\"--awb-border-radius-top-left:0px;--awb-border-radius-top-right:0px;--awb-border-radius-bottom-right:0px;--awb-border-radius-bottom-left:0px;--awb-padding-top:30px;--awb-padding-bottom:30px;--awb-flex-wrap:wrap;\" ><div class=\"fusion-builder-row fusion-row fusion-flex-align-items-flex-start fusion-flex-content-wrap\" style=\"max-width:1331.2px;margin-left: calc(-4% \/ 2 );margin-right: calc(-4% \/ 2 );\"><div class=\"fusion-layout-column fusion_builder_column fusion-builder-column-0 fusion_builder_column_1_3 1_3 fusion-flex-column\" style=\"--awb-padding-top:20px;--awb-padding-right:20px;--awb-padding-bottom:20px;--awb-padding-left:20px;--awb-bg-color:#003f59;--awb-bg-color-hover:#003f59;--awb-bg-size:cover;--awb-width-large:33.333333333333%;--awb-margin-top-large:10px;--awb-spacing-right-large:5.76%;--awb-margin-bottom-large:10px;--awb-spacing-left-large:5.76%;--awb-width-medium:100%;--awb-order-medium:0;--awb-spacing-right-medium:1.92%;--awb-spacing-left-medium:1.92%;--awb-width-small:100%;--awb-order-small:0;--awb-spacing-right-small:1.92%;--awb-spacing-left-small:1.92%;\"><div class=\"fusion-column-wrapper fusion-column-has-shadow fusion-flex-justify-content-flex-start fusion-content-layout-column\"><div class=\"fusion-image-element \" style=\"--awb-caption-title-font-family:var(--h2_typography-font-family);--awb-caption-title-font-weight:var(--h2_typography-font-weight);--awb-caption-title-font-style:var(--h2_typography-font-style);--awb-caption-title-size:var(--h2_typography-font-size);--awb-caption-title-transform:var(--h2_typography-text-transform);--awb-caption-title-line-height:var(--h2_typography-line-height);--awb-caption-title-letter-spacing:var(--h2_typography-letter-spacing);\"><span class=\" fusion-imageframe imageframe-none imageframe-1 hover-type-none\"><img data-recalc-dims=\"1\" decoding=\"async\" width=\"600\" height=\"304\" title=\"become-a-change-connector\" src=\"https:\/\/i0.wp.com\/well-grounded.org\/wp-content\/uploads\/2021\/11\/become-a-change-connector.jpg?resize=600%2C304&#038;ssl=1\" alt class=\"img-responsive wp-image-3140\" srcset=\"https:\/\/i0.wp.com\/well-grounded.org\/wp-content\/uploads\/2021\/11\/become-a-change-connector.jpg?resize=200%2C101&amp;ssl=1 200w, https:\/\/i0.wp.com\/well-grounded.org\/wp-content\/uploads\/2021\/11\/become-a-change-connector.jpg?resize=300%2C152&amp;ssl=1 300w, https:\/\/i0.wp.com\/well-grounded.org\/wp-content\/uploads\/2021\/11\/become-a-change-connector.jpg?resize=400%2C203&amp;ssl=1 400w, https:\/\/i0.wp.com\/well-grounded.org\/wp-content\/uploads\/2021\/11\/become-a-change-connector.jpg?w=600&amp;ssl=1 600w\" sizes=\"(max-width: 1024px) 100vw, (max-width: 640px) 100vw, 400px\" \/><\/span><\/div><div class=\"fusion-separator fusion-full-width-sep\" style=\"align-self: center;margin-left: auto;margin-right: auto;margin-top:20px;width:100%;\"><\/div><div class=\"fusion-text fusion-text-1\" style=\"--awb-text-transform:none;\"><h4 style=\"text-align: center;\"><span style=\"color: #ffffff;\">Devenir bailleur de fonds<\/span><\/h4>\n<p style=\"text-align: center;\"><span style=\"color: #ffffff;\"><strong>Si vous \u00eates un bailleur de fonds et que vous vous souciez de la protection de l&rsquo;environnement, que vous vous souciez profond\u00e9ment de soutenir les OSC et les communaut\u00e9s qui proposent des solutions qui les affectent et que vous pensez que le bassin du Congo est d&rsquo;une importance strat\u00e9gique dans notre capacit\u00e9 mondiale \u00e0 lutter contre le changement climatique, alors aidez-nous \u00e0 les soutenir en obtenant en nous contactant.<\/strong><\/span><\/p>\n<\/div><div style=\"text-align:center;\"><a class=\"fusion-button button-flat button-medium button-default fusion-button-default button-1 fusion-button-span-no fusion-button-default-type\" style=\"--awb-margin-top:0px;--awb-margin-right:0px;--awb-margin-bottom:0px;--awb-margin-left:0px;--button-border-radius-top-left:0;--button-border-radius-top-right:0;--button-border-radius-bottom-right:0;--button-border-radius-bottom-left:0;\" target=\"_self\" href=\"mailto:info@well-grounded.org\"><span class=\"fusion-button-text awb-button__text awb-button__text--default\">ENTRER EN CONTACT<\/span><\/a><\/div><\/div><\/div><div class=\"fusion-layout-column fusion_builder_column fusion-builder-column-1 fusion_builder_column_1_3 1_3 fusion-flex-column\" style=\"--awb-padding-top:20px;--awb-padding-right:20px;--awb-padding-bottom:20px;--awb-padding-left:20px;--awb-bg-color:#003f59;--awb-bg-color-hover:#003f59;--awb-bg-size:cover;--awb-width-large:33.333333333333%;--awb-margin-top-large:10px;--awb-spacing-right-large:5.76%;--awb-margin-bottom-large:10px;--awb-spacing-left-large:5.76%;--awb-width-medium:100%;--awb-order-medium:0;--awb-spacing-right-medium:1.92%;--awb-spacing-left-medium:1.92%;--awb-width-small:100%;--awb-order-small:0;--awb-spacing-right-small:1.92%;--awb-spacing-left-small:1.92%;\"><div class=\"fusion-column-wrapper fusion-column-has-shadow fusion-flex-justify-content-flex-start fusion-content-layout-column\"><div class=\"fusion-image-element \" style=\"--awb-caption-title-font-family:var(--h2_typography-font-family);--awb-caption-title-font-weight:var(--h2_typography-font-weight);--awb-caption-title-font-style:var(--h2_typography-font-style);--awb-caption-title-size:var(--h2_typography-font-size);--awb-caption-title-transform:var(--h2_typography-text-transform);--awb-caption-title-line-height:var(--h2_typography-line-height);--awb-caption-title-letter-spacing:var(--h2_typography-letter-spacing);\"><span class=\" fusion-imageframe imageframe-none imageframe-2 hover-type-none\"><img data-recalc-dims=\"1\" decoding=\"async\" width=\"600\" height=\"304\" title=\"become-a-change-maker\" src=\"https:\/\/i0.wp.com\/well-grounded.org\/wp-content\/uploads\/2021\/11\/become-a-change-maker.jpg?resize=600%2C304&#038;ssl=1\" alt class=\"img-responsive wp-image-3148\" srcset=\"https:\/\/i0.wp.com\/well-grounded.org\/wp-content\/uploads\/2021\/11\/become-a-change-maker.jpg?resize=200%2C101&amp;ssl=1 200w, https:\/\/i0.wp.com\/well-grounded.org\/wp-content\/uploads\/2021\/11\/become-a-change-maker.jpg?resize=300%2C152&amp;ssl=1 300w, https:\/\/i0.wp.com\/well-grounded.org\/wp-content\/uploads\/2021\/11\/become-a-change-maker.jpg?resize=400%2C203&amp;ssl=1 400w, https:\/\/i0.wp.com\/well-grounded.org\/wp-content\/uploads\/2021\/11\/become-a-change-maker.jpg?w=600&amp;ssl=1 600w\" sizes=\"(max-width: 1024px) 100vw, (max-width: 640px) 100vw, 400px\" \/><\/span><\/div><div class=\"fusion-separator fusion-full-width-sep\" style=\"align-self: center;margin-left: auto;margin-right: auto;margin-top:20px;width:100%;\"><\/div><div class=\"fusion-text fusion-text-2\" style=\"--awb-text-transform:none;\"><h4 style=\"text-align: center;\"><span style=\"color: #ffffff;\">Donnez de votre temps et de votre expertise<\/span><\/h4>\n<p style=\"text-align: center;\"><strong><span style=\"color: #ffffff;\">Well Grounded soutient les organisations de la soci\u00e9t\u00e9 civile dans leur d\u00e9veloppement et leur cheminement pour devenir un acteur fort pour rendre le changement possible dans leur pays. Votre soutien peut aider Well Grounded \u00e0 construire des organisations de la soci\u00e9t\u00e9 civile fortes, engag\u00e9es et efficaces pour \u00eatre une puissance compensatrice efficace.<\/span><\/strong><\/p>\n<\/div><div style=\"text-align:center;\"><a class=\"fusion-button button-flat button-medium button-default fusion-button-default button-2 fusion-button-span-no fusion-button-default-type\" style=\"--button-border-radius-top-left:0;--button-border-radius-top-right:0;--button-border-radius-bottom-right:0;--button-border-radius-bottom-left:0;\" target=\"_self\" href=\"https:\/\/well-grounded.org\/become-an-associate-consultant\/\"><span class=\"fusion-button-text awb-button__text awb-button__text--default\">EN SAVOIR PLUS<\/span><\/a><\/div><\/div><\/div><div class=\"fusion-layout-column fusion_builder_column fusion-builder-column-2 fusion_builder_column_1_3 1_3 fusion-flex-column\" style=\"--awb-padding-top:20px;--awb-padding-right:20px;--awb-padding-bottom:20px;--awb-padding-left:20px;--awb-bg-color:#003f59;--awb-bg-color-hover:#003f59;--awb-bg-size:cover;--awb-width-large:33.333333333333%;--awb-margin-top-large:10px;--awb-spacing-right-large:5.76%;--awb-margin-bottom-large:10px;--awb-spacing-left-large:5.76%;--awb-width-medium:100%;--awb-order-medium:0;--awb-spacing-right-medium:1.92%;--awb-spacing-left-medium:1.92%;--awb-width-small:100%;--awb-order-small:0;--awb-spacing-right-small:1.92%;--awb-spacing-left-small:1.92%;\"><div class=\"fusion-column-wrapper fusion-column-has-shadow fusion-flex-justify-content-flex-start fusion-content-layout-column\"><div class=\"fusion-image-element \" style=\"--awb-caption-title-font-family:var(--h2_typography-font-family);--awb-caption-title-font-weight:var(--h2_typography-font-weight);--awb-caption-title-font-style:var(--h2_typography-font-style);--awb-caption-title-size:var(--h2_typography-font-size);--awb-caption-title-transform:var(--h2_typography-text-transform);--awb-caption-title-line-height:var(--h2_typography-line-height);--awb-caption-title-letter-spacing:var(--h2_typography-letter-spacing);\"><span class=\" fusion-imageframe imageframe-none imageframe-3 hover-type-none\"><img data-recalc-dims=\"1\" decoding=\"async\" width=\"600\" height=\"304\" title=\"get-social\" src=\"https:\/\/i0.wp.com\/well-grounded.org\/wp-content\/uploads\/2021\/11\/get-social.jpg?resize=600%2C304&#038;ssl=1\" alt class=\"img-responsive wp-image-3146\" srcset=\"https:\/\/i0.wp.com\/well-grounded.org\/wp-content\/uploads\/2021\/11\/get-social.jpg?resize=200%2C101&amp;ssl=1 200w, https:\/\/i0.wp.com\/well-grounded.org\/wp-content\/uploads\/2021\/11\/get-social.jpg?resize=300%2C152&amp;ssl=1 300w, https:\/\/i0.wp.com\/well-grounded.org\/wp-content\/uploads\/2021\/11\/get-social.jpg?resize=400%2C203&amp;ssl=1 400w, https:\/\/i0.wp.com\/well-grounded.org\/wp-content\/uploads\/2021\/11\/get-social.jpg?w=600&amp;ssl=1 600w\" sizes=\"(max-width: 1024px) 100vw, (max-width: 640px) 100vw, 400px\" \/><\/span><\/div><div class=\"fusion-separator fusion-full-width-sep\" style=\"align-self: center;margin-left: auto;margin-right: auto;margin-top:20px;width:100%;\"><\/div><div class=\"fusion-text fusion-text-3\" style=\"--awb-text-transform:none;\"><h4 style=\"text-align: center;\"><span style=\"color: #ffffff;\">Suivez-nous sur les r\u00e9seaux<\/span><\/h4>\n<p style=\"text-align: center;\"><span style=\"color: #ffffff;\"><strong>Vous pouvez nous suivre sur Facebook, LinkedIn et Twitter pour rester \u00e0 jour.<br \/>\n<\/strong><\/span><span style=\"color: #ffffff;\">Le partage de nos publications aide davantage de personnes \u00e0 entendre parler des d\u00e9veloppements en mati\u00e8re de justice sociale et environnementale et des initiatives soutenant les actions de la soci\u00e9t\u00e9 civile.<\/span><\/p>\n<\/div><div class=\"fusion-social-links fusion-social-links-1\" style=\"--awb-margin-top:0px;--awb-margin-right:0px;--awb-margin-bottom:0px;--awb-margin-left:0px;--awb-alignment:center;--awb-box-border-top:0px;--awb-box-border-right:0px;--awb-box-border-bottom:0px;--awb-box-border-left:0px;--awb-icon-colors-hover:rgba(126,136,144,0.8);--awb-box-colors-hover:rgba(255,255,255,0.8);--awb-box-border-color:var(--awb-color3);--awb-box-border-color-hover:var(--awb-color4);\"><div class=\"fusion-social-networks boxed-icons color-type-custom\"><div class=\"fusion-social-networks-wrapper\"><a class=\"fusion-social-network-icon fusion-tooltip fusion-facebook awb-icon-facebook\" style=\"color:#ffffff;font-size:20px;width:20px;background-color:#c7d300;border-color:#c7d300;border-radius:10px;\" data-placement=\"top\" data-title=\"Facebook\" data-toggle=\"tooltip\" title=\"Facebook\" aria-label=\"facebook\" target=\"_blank\" rel=\"noopener noreferrer\" href=\"https:\/\/www.facebook.com\/WellGroundedOrg\"><\/a><a class=\"fusion-social-network-icon fusion-tooltip fusion-twitter awb-icon-twitter\" style=\"color:#ffffff;font-size:20px;width:20px;background-color:#c7d300;border-color:#c7d300;border-radius:10px;\" data-placement=\"top\" data-title=\"X\" data-toggle=\"tooltip\" title=\"X\" aria-label=\"twitter\" target=\"_blank\" rel=\"noopener noreferrer\" href=\"https:\/\/twitter.com\/wellgroundedOD\"><\/a><a class=\"fusion-social-network-icon fusion-tooltip fusion-youtube awb-icon-youtube\" style=\"color:#ffffff;font-size:20px;width:20px;background-color:#c7d300;border-color:#c7d300;border-radius:10px;\" data-placement=\"top\" data-title=\"YouTube\" data-toggle=\"tooltip\" title=\"YouTube\" aria-label=\"youtube\" target=\"_blank\" rel=\"noopener noreferrer\" href=\"https:\/\/www.youtube.com\/channel\/UCMxfSj8_74VJvbf_-5XTdbA\"><\/a><a class=\"fusion-social-network-icon fusion-tooltip fusion-linkedin awb-icon-linkedin\" style=\"color:#ffffff;font-size:20px;width:20px;background-color:#c7d300;border-color:#c7d300;border-radius:10px;\" data-placement=\"top\" data-title=\"LinkedIn\" data-toggle=\"tooltip\" title=\"LinkedIn\" aria-label=\"linkedin\" target=\"_blank\" rel=\"noopener noreferrer\" href=\"https:\/\/www.linkedin.com\/company\/well-grounded\/\"><\/a><\/div><\/div><\/div><\/div><\/div><div class=\"fusion-layout-column fusion_builder_column fusion-builder-column-3 fusion_builder_column_1_3 1_3 fusion-flex-column\" style=\"--awb-padding-top:20px;--awb-padding-right:20px;--awb-padding-bottom:20px;--awb-padding-left:20px;--awb-bg-color:#003f59;--awb-bg-color-hover:#003f59;--awb-bg-size:cover;--awb-width-large:33.333333333333%;--awb-margin-top-large:10px;--awb-spacing-right-large:5.76%;--awb-margin-bottom-large:10px;--awb-spacing-left-large:5.76%;--awb-width-medium:100%;--awb-order-medium:0;--awb-spacing-right-medium:1.92%;--awb-spacing-left-medium:1.92%;--awb-width-small:100%;--awb-order-small:0;--awb-spacing-right-small:1.92%;--awb-spacing-left-small:1.92%;\"><div class=\"fusion-column-wrapper fusion-column-has-shadow fusion-flex-justify-content-flex-start fusion-content-layout-column\"><div class=\"fusion-image-element \" style=\"--awb-caption-title-font-family:var(--h2_typography-font-family);--awb-caption-title-font-weight:var(--h2_typography-font-weight);--awb-caption-title-font-style:var(--h2_typography-font-style);--awb-caption-title-size:var(--h2_typography-font-size);--awb-caption-title-transform:var(--h2_typography-text-transform);--awb-caption-title-line-height:var(--h2_typography-line-height);--awb-caption-title-letter-spacing:var(--h2_typography-letter-spacing);\"><span class=\" fusion-imageframe imageframe-none imageframe-4 hover-type-none\"><img data-recalc-dims=\"1\" decoding=\"async\" width=\"600\" height=\"304\" title=\"give-now\" src=\"https:\/\/i0.wp.com\/well-grounded.org\/wp-content\/uploads\/2021\/11\/give-now.jpg?resize=600%2C304&#038;ssl=1\" alt class=\"img-responsive wp-image-3142\" srcset=\"https:\/\/i0.wp.com\/well-grounded.org\/wp-content\/uploads\/2021\/11\/give-now.jpg?resize=200%2C101&amp;ssl=1 200w, https:\/\/i0.wp.com\/well-grounded.org\/wp-content\/uploads\/2021\/11\/give-now.jpg?resize=300%2C152&amp;ssl=1 300w, https:\/\/i0.wp.com\/well-grounded.org\/wp-content\/uploads\/2021\/11\/give-now.jpg?resize=400%2C203&amp;ssl=1 400w, https:\/\/i0.wp.com\/well-grounded.org\/wp-content\/uploads\/2021\/11\/give-now.jpg?w=600&amp;ssl=1 600w\" sizes=\"(max-width: 1024px) 100vw, (max-width: 640px) 100vw, 400px\" \/><\/span><\/div><div class=\"fusion-separator fusion-full-width-sep\" style=\"align-self: center;margin-left: auto;margin-right: auto;margin-top:20px;width:100%;\"><\/div><div class=\"fusion-text fusion-text-4\" style=\"--awb-text-transform:none;\"><h4 style=\"text-align: center;\"><span style=\"color: #ffffff;\">Faites un don pour soutenir notre travail<\/span><\/h4>\n<p style=\"text-align: center;\"><span style=\"color: #ffffff;\"><strong>Un don de votre part nous aidera \u00e0 soutenir directement les organisations de la soci\u00e9t\u00e9 civile du bassin du Congo et de l\u2019Afrique au sens large, renfor\u00e7ant ainsi leurs capacit\u00e9s \u00e0 lutter contre les injustices sociales et environnementales ainsi que le changement climatique dans leur pays.<\/strong><\/span><\/p>\n<\/div><div style=\"text-align:center;\"><a class=\"fusion-button button-flat button-medium button-default fusion-button-default button-3 fusion-button-span-no fusion-button-default-type\" style=\"--button-border-radius-top-left:0;--button-border-radius-top-right:0;--button-border-radius-bottom-right:0;--button-border-radius-bottom-left:0;\" target=\"_self\" href=\"https:\/\/well-grounded.org\/donate-to-support-our-work\/\"><span class=\"fusion-button-text awb-button__text awb-button__text--default\">FAIRE UN DON<\/span><\/a><\/div><\/div><\/div><div class=\"fusion-layout-column fusion_builder_column fusion-builder-column-4 fusion_builder_column_1_3 1_3 fusion-flex-column\" style=\"--awb-padding-top:20px;--awb-padding-right:20px;--awb-padding-bottom:20px;--awb-padding-left:20px;--awb-bg-color:#fffff;--awb-bg-color-hover:#fffff;--awb-bg-size:cover;--awb-width-large:33.333333333333%;--awb-margin-top-large:10px;--awb-spacing-right-large:5.76%;--awb-margin-bottom-large:10px;--awb-spacing-left-large:5.76%;--awb-width-medium:100%;--awb-order-medium:0;--awb-spacing-right-medium:1.92%;--awb-spacing-left-medium:1.92%;--awb-width-small:100%;--awb-order-small:0;--awb-spacing-right-small:1.92%;--awb-spacing-left-small:1.92%;\"><div class=\"fusion-column-wrapper fusion-column-has-shadow fusion-flex-justify-content-flex-start fusion-content-layout-column\"><\/div><\/div><\/div><\/div>\n","protected":false},"excerpt":{"rendered":"","protected":false},"author":1,"featured_media":0,"parent":0,"menu_order":0,"comment_status":"closed","ping_status":"closed","template":"","meta":{"footnotes":""},"class_list":["post-3365","page","type-page","status-publish","hentry"],"yoast_head":"<!-- This site is optimized with the Yoast SEO plugin v27.4 - https:\/\/yoast.com\/product\/yoast-seo-wordpress\/ -->\n<title>Rejoignez-nous - Well Grounded<\/title>\n<meta name=\"robots\" content=\"index, follow, max-snippet:-1, max-image-preview:large, max-video-preview:-1\" \/>\n<link rel=\"canonical\" href=\"https:\/\/well-grounded.org\/fr\/rejoignez-nous\/\" \/>\n<meta property=\"og:locale\" content=\"fr_FR\" \/>\n<meta property=\"og:type\" content=\"article\" \/>\n<meta property=\"og:title\" content=\"Rejoignez-nous - Well Grounded\" \/>\n<meta property=\"og:url\" content=\"https:\/\/well-grounded.org\/fr\/rejoignez-nous\/\" \/>\n<meta property=\"og:site_name\" content=\"Well Grounded\" \/>\n<meta property=\"article:modified_time\" content=\"2024-10-01T12:22:27+00:00\" \/>\n<meta name=\"twitter:card\" content=\"summary_large_image\" \/>\n<meta name=\"twitter:label1\" content=\"Dur\u00e9e de lecture estim\u00e9e\" \/>\n\t<meta name=\"twitter:data1\" content=\"2 minutes\" \/>\n<!-- \/ Yoast SEO plugin. -->","yoast_head_json":{"title":"Rejoignez-nous - Well Grounded","robots":{"index":"index","follow":"follow","max-snippet":"max-snippet:-1","max-image-preview":"max-image-preview:large","max-video-preview":"max-video-preview:-1"},"canonical":"https:\/\/well-grounded.org\/fr\/rejoignez-nous\/","og_locale":"fr_FR","og_type":"article","og_title":"Rejoignez-nous - Well Grounded","og_url":"https:\/\/well-grounded.org\/fr\/rejoignez-nous\/","og_site_name":"Well Grounded","article_modified_time":"2024-10-01T12:22:27+00:00","twitter_card":"summary_large_image","twitter_misc":{"Dur\u00e9e de lecture estim\u00e9e":"2 minutes"},"schema":{"@context":"https:\/\/schema.org","@graph":[{"@type":"WebPage","@id":"https:\/\/well-grounded.org\/fr\/rejoignez-nous\/","url":"https:\/\/well-grounded.org\/fr\/rejoignez-nous\/","name":"Rejoignez-nous - Well Grounded","isPartOf":{"@id":"https:\/\/well-grounded.org\/fr\/#website"},"datePublished":"2021-11-26T01:19:23+00:00","dateModified":"2024-10-01T12:22:27+00:00","breadcrumb":{"@id":"https:\/\/well-grounded.org\/fr\/rejoignez-nous\/#breadcrumb"},"inLanguage":"fr-FR","potentialAction":[{"@type":"ReadAction","target":["https:\/\/well-grounded.org\/fr\/rejoignez-nous\/"]}]},{"@type":"BreadcrumbList","@id":"https:\/\/well-grounded.org\/fr\/rejoignez-nous\/#breadcrumb","itemListElement":[{"@type":"ListItem","position":1,"name":"Home","item":"https:\/\/well-grounded.org\/fr\/"},{"@type":"ListItem","position":2,"name":"Rejoignez-nous"}]},{"@type":"WebSite","@id":"https:\/\/well-grounded.org\/fr\/#website","url":"https:\/\/well-grounded.org\/fr\/","name":"Well Grounded","description":"Empowering Civil Society","publisher":{"@id":"https:\/\/well-grounded.org\/fr\/#organization"},"potentialAction":[{"@type":"SearchAction","target":{"@type":"EntryPoint","urlTemplate":"https:\/\/well-grounded.org\/fr\/?s={search_term_string}"},"query-input":{"@type":"PropertyValueSpecification","valueRequired":true,"valueName":"search_term_string"}}],"inLanguage":"fr-FR"},{"@type":"Organization","@id":"https:\/\/well-grounded.org\/fr\/#organization","name":"Well Grounded","url":"https:\/\/well-grounded.org\/fr\/","logo":{"@type":"ImageObject","inLanguage":"fr-FR","@id":"https:\/\/well-grounded.org\/fr\/#\/schema\/logo\/image\/","url":"https:\/\/well-grounded.org\/wp-content\/uploads\/2022\/07\/Well-Grounded-Logo-with-tagline-no-Map.jpg","contentUrl":"https:\/\/well-grounded.org\/wp-content\/uploads\/2022\/07\/Well-Grounded-Logo-with-tagline-no-Map.jpg","width":1195,"height":809,"caption":"Well Grounded"},"image":{"@id":"https:\/\/well-grounded.org\/fr\/#\/schema\/logo\/image\/"}}]}},"jetpack_sharing_enabled":true,"_links":{"self":[{"href":"https:\/\/well-grounded.org\/fr\/wp-json\/wp\/v2\/pages\/3365","targetHints":{"allow":["GET"]}}],"collection":[{"href":"https:\/\/well-grounded.org\/fr\/wp-json\/wp\/v2\/pages"}],"about":[{"href":"https:\/\/well-grounded.org\/fr\/wp-json\/wp\/v2\/types\/page"}],"author":[{"embeddable":true,"href":"https:\/\/well-grounded.org\/fr\/wp-json\/wp\/v2\/users\/1"}],"replies":[{"embeddable":true,"href":"https:\/\/well-grounded.org\/fr\/wp-json\/wp\/v2\/comments?post=3365"}],"version-history":[{"count":0,"href":"https:\/\/well-grounded.org\/fr\/wp-json\/wp\/v2\/pages\/3365\/revisions"}],"wp:attachment":[{"href":"https:\/\/well-grounded.org\/fr\/wp-json\/wp\/v2\/media?parent=3365"}],"curies":[{"name":"wp","href":"https:\/\/api.w.org\/{rel}","templated":true}]}}